{"id":941,"date":"2025-04-23T15:14:11","date_gmt":"2025-04-23T12:14:11","guid":{"rendered":"https:\/\/crafts.ee\/?post_type=product&#038;p=941"},"modified":"2025-12-07T22:12:02","modified_gmt":"2025-12-07T20:12:02","slug":"padjakate-otepaa","status":"publish","type":"product","link":"https:\/\/crafts.ee\/en\/toode\/padjakate-otepaa\/","title":{"rendered":"Cushion cover Otep\u00e4\u00e4"},"content":{"rendered":"<p>.<\/p>","protected":false},"excerpt":{"rendered":"<p>Kangas: kude villane, l\u00f5im puuvillane M\u00f5\u00f5dud: 40 x 40 cm Otep\u00e4\u00e4 triibukangast \u00f5mmeldud padjakate<\/p>","protected":false},"featured_media":970,"template":"","meta":{"_acf_changed":false},"product_brand":[],"product_cat":[22],"product_tag":[],"class_list":{"0":"post-941","1":"product","2":"type-product","3":"status-publish","4":"has-post-thumbnail","6":"product_cat-rahvaroivad","8":"first","9":"outofstock","10":"shipping-taxable","11":"purchasable","12":"product-type-simple"},"acf":[],"_links":{"self":[{"href":"https:\/\/crafts.ee\/en\/wp-json\/wp\/v2\/product\/941","targetHints":{"allow":["GET"]}}],"collection":[{"href":"https:\/\/crafts.ee\/en\/wp-json\/wp\/v2\/product"}],"about":[{"href":"https:\/\/crafts.ee\/en\/wp-json\/wp\/v2\/types\/product"}],"wp:featuredmedia":[{"embeddable":true,"href":"https:\/\/crafts.ee\/en\/wp-json\/wp\/v2\/media\/970"}],"wp:attachment":[{"href":"https:\/\/crafts.ee\/en\/wp-json\/wp\/v2\/media?parent=941"}],"wp:term":[{"taxonomy":"product_brand","embeddable":true,"href":"https:\/\/crafts.ee\/en\/wp-json\/wp\/v2\/product_brand?post=941"},{"taxonomy":"product_cat","embeddable":true,"href":"https:\/\/crafts.ee\/en\/wp-json\/wp\/v2\/product_cat?post=941"},{"taxonomy":"product_tag","embeddable":true,"href":"https:\/\/crafts.ee\/en\/wp-json\/wp\/v2\/product_tag?post=941"}],"curies":[{"name":"wp","href":"https:\/\/api.w.org\/{rel}","templated":true}]}}