{"id":650,"date":"2025-04-23T15:12:53","date_gmt":"2025-04-23T12:12:53","guid":{"rendered":"https:\/\/crafts.ee\/?post_type=product&#038;p=650"},"modified":"2026-01-27T23:12:31","modified_gmt":"2026-01-27T21:12:31","slug":"topsmuts-inspiratsioon-rahvaroivas-3","status":"publish","type":"product","link":"https:\/\/crafts.ee\/en\/toode\/topsmuts-inspiratsioon-rahvaroivas-3\/","title":{"rendered":"Woolen hat"},"content":{"rendered":"","protected":false},"excerpt":{"rendered":"<p>Meeste rahvar\u00f5ivaste juurde kuulunud soonikkoes topsm\u00fcts. 100% villane V\u00e4rvus: must<\/p>","protected":false},"featured_media":2573,"template":"","meta":{"_acf_changed":false},"product_brand":[],"product_cat":[172],"product_tag":[],"class_list":{"0":"post-650","1":"product","2":"type-product","3":"status-publish","4":"has-post-thumbnail","6":"product_cat-mutsid","8":"first","9":"instock","10":"sold-individually","11":"shipping-taxable","12":"purchasable","13":"product-type-simple"},"acf":[],"_links":{"self":[{"href":"https:\/\/crafts.ee\/en\/wp-json\/wp\/v2\/product\/650","targetHints":{"allow":["GET"]}}],"collection":[{"href":"https:\/\/crafts.ee\/en\/wp-json\/wp\/v2\/product"}],"about":[{"href":"https:\/\/crafts.ee\/en\/wp-json\/wp\/v2\/types\/product"}],"wp:featuredmedia":[{"embeddable":true,"href":"https:\/\/crafts.ee\/en\/wp-json\/wp\/v2\/media\/2573"}],"wp:attachment":[{"href":"https:\/\/crafts.ee\/en\/wp-json\/wp\/v2\/media?parent=650"}],"wp:term":[{"taxonomy":"product_brand","embeddable":true,"href":"https:\/\/crafts.ee\/en\/wp-json\/wp\/v2\/product_brand?post=650"},{"taxonomy":"product_cat","embeddable":true,"href":"https:\/\/crafts.ee\/en\/wp-json\/wp\/v2\/product_cat?post=650"},{"taxonomy":"product_tag","embeddable":true,"href":"https:\/\/crafts.ee\/en\/wp-json\/wp\/v2\/product_tag?post=650"}],"curies":[{"name":"wp","href":"https:\/\/api.w.org\/{rel}","templated":true}]}}