{"id":649,"date":"2025-04-23T15:12:52","date_gmt":"2025-04-23T12:12:52","guid":{"rendered":"https:\/\/crafts.ee\/?post_type=product&#038;p=649"},"modified":"2026-01-27T23:12:31","modified_gmt":"2026-01-27T21:12:31","slug":"topsmuts-inspiratsioon-rahvaroivas-2","status":"publish","type":"product","link":"https:\/\/crafts.ee\/en\/toode\/topsmuts-inspiratsioon-rahvaroivas-2\/","title":{"rendered":"Woolen hat"},"content":{"rendered":"","protected":false},"excerpt":{"rendered":"<p>Meeste rahvar\u00f5ivaste juurde kuulunud soonikkoes topsm\u00fcts. 100% villane V\u00e4rvus: roheline<\/p>","protected":false},"featured_media":2579,"template":"","meta":{"_acf_changed":false},"product_brand":[],"product_cat":[172],"product_tag":[],"class_list":{"0":"post-649","1":"product","2":"type-product","3":"status-publish","4":"has-post-thumbnail","6":"product_cat-mutsid","8":"first","9":"outofstock","10":"shipping-taxable","11":"purchasable","12":"product-type-simple"},"acf":[],"_links":{"self":[{"href":"https:\/\/crafts.ee\/en\/wp-json\/wp\/v2\/product\/649","targetHints":{"allow":["GET"]}}],"collection":[{"href":"https:\/\/crafts.ee\/en\/wp-json\/wp\/v2\/product"}],"about":[{"href":"https:\/\/crafts.ee\/en\/wp-json\/wp\/v2\/types\/product"}],"wp:featuredmedia":[{"embeddable":true,"href":"https:\/\/crafts.ee\/en\/wp-json\/wp\/v2\/media\/2579"}],"wp:attachment":[{"href":"https:\/\/crafts.ee\/en\/wp-json\/wp\/v2\/media?parent=649"}],"wp:term":[{"taxonomy":"product_brand","embeddable":true,"href":"https:\/\/crafts.ee\/en\/wp-json\/wp\/v2\/product_brand?post=649"},{"taxonomy":"product_cat","embeddable":true,"href":"https:\/\/crafts.ee\/en\/wp-json\/wp\/v2\/product_cat?post=649"},{"taxonomy":"product_tag","embeddable":true,"href":"https:\/\/crafts.ee\/en\/wp-json\/wp\/v2\/product_tag?post=649"}],"curies":[{"name":"wp","href":"https:\/\/api.w.org\/{rel}","templated":true}]}}