{"id":550,"date":"2025-04-23T15:12:17","date_gmt":"2025-04-23T12:12:17","guid":{"rendered":"https:\/\/crafts.ee\/?post_type=product&#038;p=550"},"modified":"2026-01-21T17:14:50","modified_gmt":"2026-01-21T15:14:50","slug":"koo-ise-muhu-sormkindad-2","status":"publish","type":"product","link":"https:\/\/crafts.ee\/en\/toode\/koo-ise-muhu-sormkindad-2\/","title":{"rendered":"Knit your own Muhu gloves"},"content":{"rendered":"","protected":false},"excerpt":{"rendered":"<p>Kudumiskomplekt: maavillane l\u00f5ng 8\/2, p\u00f5hjalik \u00f5petus koos mustriga eesti ja inglise keeles. Karbi m\u00f5\u00f5dud: 24 x 16 x 5 cm. Soovituslikud vardad 1,5 (ei kuulu komplekti).<\/p>","protected":false},"featured_media":2347,"template":"","meta":{"_acf_changed":false},"product_brand":[],"product_cat":[178],"product_tag":[],"class_list":{"0":"post-550","1":"product","2":"type-product","3":"status-publish","4":"has-post-thumbnail","6":"product_cat-kudumiskomplektid","8":"first","9":"instock","10":"shipping-taxable","11":"purchasable","12":"product-type-simple"},"acf":[],"_links":{"self":[{"href":"https:\/\/crafts.ee\/en\/wp-json\/wp\/v2\/product\/550","targetHints":{"allow":["GET"]}}],"collection":[{"href":"https:\/\/crafts.ee\/en\/wp-json\/wp\/v2\/product"}],"about":[{"href":"https:\/\/crafts.ee\/en\/wp-json\/wp\/v2\/types\/product"}],"wp:featuredmedia":[{"embeddable":true,"href":"https:\/\/crafts.ee\/en\/wp-json\/wp\/v2\/media\/2347"}],"wp:attachment":[{"href":"https:\/\/crafts.ee\/en\/wp-json\/wp\/v2\/media?parent=550"}],"wp:term":[{"taxonomy":"product_brand","embeddable":true,"href":"https:\/\/crafts.ee\/en\/wp-json\/wp\/v2\/product_brand?post=550"},{"taxonomy":"product_cat","embeddable":true,"href":"https:\/\/crafts.ee\/en\/wp-json\/wp\/v2\/product_cat?post=550"},{"taxonomy":"product_tag","embeddable":true,"href":"https:\/\/crafts.ee\/en\/wp-json\/wp\/v2\/product_tag?post=550"}],"curies":[{"name":"wp","href":"https:\/\/api.w.org\/{rel}","templated":true}]}}