{"id":478,"date":"2025-04-23T15:11:54","date_gmt":"2025-04-23T12:11:54","guid":{"rendered":"https:\/\/crafts.ee\/?post_type=product&#038;p=478"},"modified":"2026-01-27T22:09:51","modified_gmt":"2026-01-27T20:09:51","slug":"kinkekaart-vaartusega-20-e","status":"publish","type":"product","link":"https:\/\/crafts.ee\/en\/toode\/kinkekaart-vaartusega-20-e\/","title":{"rendered":"Kinkekaart"},"content":{"rendered":"<p>.<\/p>","protected":false},"excerpt":{"rendered":"<p><strong>Koduk\u00e4sit\u00f6\u00f6 gift cards<\/strong> can be purchased from all O\u00dc Koduk\u00e4sit\u00f6\u00f6 stores and the online store and are available in values \u200b\u200bof <strong>10\u20ac<\/strong>,<strong> 50\u20ac<\/strong> and <strong>100\u20ac<\/strong>The gift card is also valid in all O\u00dc Koduk\u00e4sit\u00f6\u00f6 stores.<\/p>\n<p>&nbsp;<\/p>\n<p><strong>Additional information:<br \/>\n<\/strong><br \/>\n\u2022 Gift cards cannot be exchanged for cash.<br \/>\n\u2022 If the price of the selected item is higher than the value of the gift card, it is possible to pay the remaining amount in cash.<br \/>\n\u2022 If the price is lower, the gift card holder will not receive a cash refund for the remaining amount.<br \/>\n\u2022 The gift card is valid for up to one year from the date of issue.<\/p>","protected":false},"featured_media":2899,"template":"","meta":{"_acf_changed":false},"product_brand":[],"product_cat":[191],"product_tag":[],"class_list":{"0":"post-478","1":"product","2":"type-product","3":"status-publish","4":"has-post-thumbnail","6":"product_cat-kinkekaardid","8":"first","9":"instock","10":"shipping-taxable","11":"purchasable","12":"product-type-simple"},"acf":[],"_links":{"self":[{"href":"https:\/\/crafts.ee\/en\/wp-json\/wp\/v2\/product\/478","targetHints":{"allow":["GET"]}}],"collection":[{"href":"https:\/\/crafts.ee\/en\/wp-json\/wp\/v2\/product"}],"about":[{"href":"https:\/\/crafts.ee\/en\/wp-json\/wp\/v2\/types\/product"}],"wp:featuredmedia":[{"embeddable":true,"href":"https:\/\/crafts.ee\/en\/wp-json\/wp\/v2\/media\/2899"}],"wp:attachment":[{"href":"https:\/\/crafts.ee\/en\/wp-json\/wp\/v2\/media?parent=478"}],"wp:term":[{"taxonomy":"product_brand","embeddable":true,"href":"https:\/\/crafts.ee\/en\/wp-json\/wp\/v2\/product_brand?post=478"},{"taxonomy":"product_cat","embeddable":true,"href":"https:\/\/crafts.ee\/en\/wp-json\/wp\/v2\/product_cat?post=478"},{"taxonomy":"product_tag","embeddable":true,"href":"https:\/\/crafts.ee\/en\/wp-json\/wp\/v2\/product_tag?post=478"}],"curies":[{"name":"wp","href":"https:\/\/api.w.org\/{rel}","templated":true}]}}