{"id":3052,"date":"2025-11-22T22:47:13","date_gmt":"2025-11-22T20:47:13","guid":{"rendered":"https:\/\/crafts.ee\/?post_type=product&#038;p=3052"},"modified":"2025-12-09T09:25:43","modified_gmt":"2025-12-09T07:25:43","slug":"laste-t-sark","status":"publish","type":"product","link":"https:\/\/crafts.ee\/en\/toode\/laste-t-sark\/","title":{"rendered":"Laste T-s\u00e4rk"},"content":{"rendered":"","protected":false},"excerpt":{"rendered":"<p>S\u00e4rgi esik\u00fcljel masintikand kaunistus. Tikandi linnud on Muhu mustritest.<\/p>\n<p>100% cotton<\/p>\n<p>Colour: black<\/p>\n<p>Design by Kadi Pajupuu<\/p>\n<table>\n<tbody>\n<tr>\n<td width=\"64\"><\/td>\n<td style=\"text-align: center;\" width=\"64\">4<\/td>\n<td style=\"text-align: center;\" width=\"64\">6<\/td>\n<td style=\"text-align: center;\" width=\"64\">8<\/td>\n<td style=\"text-align: center;\" width=\"64\">10<\/td>\n<\/tr>\n<tr>\n<td>Chest<\/td>\n<td style=\"text-align: center;\">33<\/td>\n<td style=\"text-align: center;\">37<\/td>\n<td style=\"text-align: center;\">40<\/td>\n<td style=\"text-align: center;\">43<\/td>\n<\/tr>\n<tr>\n<td>Length<\/td>\n<td style=\"text-align: center;\">37<\/td>\n<td style=\"text-align: center;\">40<\/td>\n<td style=\"text-align: center;\">47<\/td>\n<td style=\"text-align: center;\">53<\/td>\n<\/tr>\n<\/tbody>\n<\/table>","protected":false},"featured_media":820,"template":"","meta":{"_acf_changed":false},"product_brand":[],"product_cat":[182],"product_tag":[],"class_list":{"0":"post-3052","1":"product","2":"type-product","3":"status-publish","4":"has-post-thumbnail","6":"product_cat-laste-t-sargid","8":"first","9":"instock","10":"shipping-taxable","11":"purchasable","12":"product-type-variable","13":"has-default-attributes"},"acf":[],"_links":{"self":[{"href":"https:\/\/crafts.ee\/en\/wp-json\/wp\/v2\/product\/3052","targetHints":{"allow":["GET"]}}],"collection":[{"href":"https:\/\/crafts.ee\/en\/wp-json\/wp\/v2\/product"}],"about":[{"href":"https:\/\/crafts.ee\/en\/wp-json\/wp\/v2\/types\/product"}],"wp:featuredmedia":[{"embeddable":true,"href":"https:\/\/crafts.ee\/en\/wp-json\/wp\/v2\/media\/820"}],"wp:attachment":[{"href":"https:\/\/crafts.ee\/en\/wp-json\/wp\/v2\/media?parent=3052"}],"wp:term":[{"taxonomy":"product_brand","embeddable":true,"href":"https:\/\/crafts.ee\/en\/wp-json\/wp\/v2\/product_brand?post=3052"},{"taxonomy":"product_cat","embeddable":true,"href":"https:\/\/crafts.ee\/en\/wp-json\/wp\/v2\/product_cat?post=3052"},{"taxonomy":"product_tag","embeddable":true,"href":"https:\/\/crafts.ee\/en\/wp-json\/wp\/v2\/product_tag?post=3052"}],"curies":[{"name":"wp","href":"https:\/\/api.w.org\/{rel}","templated":true}]}}