{"id":2595,"date":"2025-10-06T15:44:10","date_gmt":"2025-10-06T12:44:10","guid":{"rendered":"https:\/\/crafts.ee\/?post_type=product&#038;p=2595"},"modified":"2026-02-09T18:15:37","modified_gmt":"2026-02-09T16:15:37","slug":"naastpoimes-pulmavaip","status":"publish","type":"product","link":"https:\/\/crafts.ee\/en\/toode\/naastpoimes-pulmavaip\/","title":{"rendered":"Wedding tapestry"},"content":{"rendered":"<p>Pulmavaip ehk<em> abielukatus\u00a0<\/em>valmistati armastuse ja edasise abielu\u00f5nne kaitseks. Selline pere vaip kooti pind- ja naastp\u00f5imetehnikas, kuhu kombe kohaselt p\u00f5imiti mustritena kaheksakannad, ristid ja rombid koos paljude kosja- ja pulmakommetega. Vaip on eesti pere armastuse pitser!<\/p>","protected":false},"excerpt":{"rendered":"<p>Villane naastp\u00f5imes pulmavaip 125 x 145 cm Autor Christi K\u00fctt<\/p>","protected":false},"featured_media":2598,"template":"","meta":{"_acf_changed":false},"product_brand":[],"product_cat":[184],"product_tag":[],"class_list":{"0":"post-2595","1":"product","2":"type-product","3":"status-publish","4":"has-post-thumbnail","6":"product_cat-vaibad","8":"first","9":"instock","10":"shipping-taxable","11":"purchasable","12":"product-type-simple"},"acf":[],"_links":{"self":[{"href":"https:\/\/crafts.ee\/en\/wp-json\/wp\/v2\/product\/2595","targetHints":{"allow":["GET"]}}],"collection":[{"href":"https:\/\/crafts.ee\/en\/wp-json\/wp\/v2\/product"}],"about":[{"href":"https:\/\/crafts.ee\/en\/wp-json\/wp\/v2\/types\/product"}],"wp:featuredmedia":[{"embeddable":true,"href":"https:\/\/crafts.ee\/en\/wp-json\/wp\/v2\/media\/2598"}],"wp:attachment":[{"href":"https:\/\/crafts.ee\/en\/wp-json\/wp\/v2\/media?parent=2595"}],"wp:term":[{"taxonomy":"product_brand","embeddable":true,"href":"https:\/\/crafts.ee\/en\/wp-json\/wp\/v2\/product_brand?post=2595"},{"taxonomy":"product_cat","embeddable":true,"href":"https:\/\/crafts.ee\/en\/wp-json\/wp\/v2\/product_cat?post=2595"},{"taxonomy":"product_tag","embeddable":true,"href":"https:\/\/crafts.ee\/en\/wp-json\/wp\/v2\/product_tag?post=2595"}],"curies":[{"name":"wp","href":"https:\/\/api.w.org\/{rel}","templated":true}]}}