{"id":2173,"date":"2025-09-25T13:40:30","date_gmt":"2025-09-25T10:40:30","guid":{"rendered":"https:\/\/crafts.ee\/?post_type=product&#038;p=2173"},"modified":"2026-02-09T18:22:17","modified_gmt":"2026-02-09T16:22:17","slug":"vitssolg-2","status":"publish","type":"product","link":"https:\/\/crafts.ee\/en\/toode\/vitssolg-2\/","title":{"rendered":"Brooch"},"content":{"rendered":"<p>.<\/p>","protected":false},"excerpt":{"rendered":"<p>Silver 925\u00b0<\/p>\n<p>Kaal:\u00a0 10,2 g<\/p>\n<p>L\u00e4bim\u00f5\u00f5t: 3,5 cm<\/p>\n<p>Craftsman Heikki Puhk<\/p>\n<p>&nbsp;<\/p>","protected":false},"featured_media":2792,"template":"","meta":{"_acf_changed":false},"product_brand":[],"product_cat":[162],"product_tag":[],"class_list":{"0":"post-2173","1":"product","2":"type-product","3":"status-publish","4":"has-post-thumbnail","6":"product_cat-ehted","8":"first","9":"outofstock","10":"shipping-taxable","11":"purchasable","12":"product-type-simple"},"acf":[],"_links":{"self":[{"href":"https:\/\/crafts.ee\/en\/wp-json\/wp\/v2\/product\/2173","targetHints":{"allow":["GET"]}}],"collection":[{"href":"https:\/\/crafts.ee\/en\/wp-json\/wp\/v2\/product"}],"about":[{"href":"https:\/\/crafts.ee\/en\/wp-json\/wp\/v2\/types\/product"}],"wp:featuredmedia":[{"embeddable":true,"href":"https:\/\/crafts.ee\/en\/wp-json\/wp\/v2\/media\/2792"}],"wp:attachment":[{"href":"https:\/\/crafts.ee\/en\/wp-json\/wp\/v2\/media?parent=2173"}],"wp:term":[{"taxonomy":"product_brand","embeddable":true,"href":"https:\/\/crafts.ee\/en\/wp-json\/wp\/v2\/product_brand?post=2173"},{"taxonomy":"product_cat","embeddable":true,"href":"https:\/\/crafts.ee\/en\/wp-json\/wp\/v2\/product_cat?post=2173"},{"taxonomy":"product_tag","embeddable":true,"href":"https:\/\/crafts.ee\/en\/wp-json\/wp\/v2\/product_tag?post=2173"}],"curies":[{"name":"wp","href":"https:\/\/api.w.org\/{rel}","templated":true}]}}