{"id":2172,"date":"2025-09-25T13:39:46","date_gmt":"2025-09-25T10:39:46","guid":{"rendered":"https:\/\/crafts.ee\/?post_type=product&#038;p=2172"},"modified":"2026-04-03T01:36:24","modified_gmt":"2026-04-02T22:36:24","slug":"vitssolg","status":"publish","type":"product","link":"https:\/\/crafts.ee\/en\/toode\/vitssolg\/","title":{"rendered":"Brooch"},"content":{"rendered":"<p>.<\/p>","protected":false},"excerpt":{"rendered":"<p>Silver 925\u00b0<\/p>\n<p>Kaal: 4,4 g<\/p>\n<p>L\u00e4bim\u00f5\u00f5t: 2,5 cm<\/p>\n<p>Craftsman Heikki Puhk<\/p>\n<p>&nbsp;<\/p>","protected":false},"featured_media":2791,"template":"","meta":{"_acf_changed":false},"product_brand":[],"product_cat":[162],"product_tag":[],"class_list":{"0":"post-2172","1":"product","2":"type-product","3":"status-publish","4":"has-post-thumbnail","6":"product_cat-ehted","8":"first","9":"outofstock","10":"shipping-taxable","11":"purchasable","12":"product-type-simple"},"acf":[],"_links":{"self":[{"href":"https:\/\/crafts.ee\/en\/wp-json\/wp\/v2\/product\/2172","targetHints":{"allow":["GET"]}}],"collection":[{"href":"https:\/\/crafts.ee\/en\/wp-json\/wp\/v2\/product"}],"about":[{"href":"https:\/\/crafts.ee\/en\/wp-json\/wp\/v2\/types\/product"}],"wp:featuredmedia":[{"embeddable":true,"href":"https:\/\/crafts.ee\/en\/wp-json\/wp\/v2\/media\/2791"}],"wp:attachment":[{"href":"https:\/\/crafts.ee\/en\/wp-json\/wp\/v2\/media?parent=2172"}],"wp:term":[{"taxonomy":"product_brand","embeddable":true,"href":"https:\/\/crafts.ee\/en\/wp-json\/wp\/v2\/product_brand?post=2172"},{"taxonomy":"product_cat","embeddable":true,"href":"https:\/\/crafts.ee\/en\/wp-json\/wp\/v2\/product_cat?post=2172"},{"taxonomy":"product_tag","embeddable":true,"href":"https:\/\/crafts.ee\/en\/wp-json\/wp\/v2\/product_tag?post=2172"}],"curies":[{"name":"wp","href":"https:\/\/api.w.org\/{rel}","templated":true}]}}