{"id":2140,"date":"2025-09-23T14:06:38","date_gmt":"2025-09-23T11:06:38","guid":{"rendered":"https:\/\/crafts.ee\/?post_type=product&#038;p=2140"},"modified":"2026-04-12T17:21:38","modified_gmt":"2026-04-12T14:21:38","slug":"vaip-2","status":"publish","type":"product","link":"https:\/\/crafts.ee\/en\/toode\/vaip-2\/","title":{"rendered":"Wedding tapestry"},"content":{"rendered":"<p>Pulmavaip ehk<em> abielukatus\u00a0<\/em>valmistati armastuse ja edasise abielu\u00f5nne kaitseks. Selline pere vaip kooti pind- ja naastp\u00f5imetehnikas, kuhu kombe kohaselt p\u00f5imiti mustritena kaheksakannad, ristid ja rombid koos paljude kosja- ja pulmakommetega. Vaip on eesti pere armastuse pitser!<\/p>","protected":false},"excerpt":{"rendered":"<p>Woven carpet<\/p>\n<p>125 x 155 cm<\/p>\n<p>Author Christi K\u00fctt<\/p>","protected":false},"featured_media":2141,"template":"","meta":{"_acf_changed":false},"product_brand":[],"product_cat":[184],"product_tag":[],"class_list":{"0":"post-2140","1":"product","2":"type-product","3":"status-publish","4":"has-post-thumbnail","6":"product_cat-vaibad","8":"first","9":"instock","10":"shipping-taxable","11":"purchasable","12":"product-type-simple"},"acf":[],"_links":{"self":[{"href":"https:\/\/crafts.ee\/en\/wp-json\/wp\/v2\/product\/2140","targetHints":{"allow":["GET"]}}],"collection":[{"href":"https:\/\/crafts.ee\/en\/wp-json\/wp\/v2\/product"}],"about":[{"href":"https:\/\/crafts.ee\/en\/wp-json\/wp\/v2\/types\/product"}],"wp:featuredmedia":[{"embeddable":true,"href":"https:\/\/crafts.ee\/en\/wp-json\/wp\/v2\/media\/2141"}],"wp:attachment":[{"href":"https:\/\/crafts.ee\/en\/wp-json\/wp\/v2\/media?parent=2140"}],"wp:term":[{"taxonomy":"product_brand","embeddable":true,"href":"https:\/\/crafts.ee\/en\/wp-json\/wp\/v2\/product_brand?post=2140"},{"taxonomy":"product_cat","embeddable":true,"href":"https:\/\/crafts.ee\/en\/wp-json\/wp\/v2\/product_cat?post=2140"},{"taxonomy":"product_tag","embeddable":true,"href":"https:\/\/crafts.ee\/en\/wp-json\/wp\/v2\/product_tag?post=2140"}],"curies":[{"name":"wp","href":"https:\/\/api.w.org\/{rel}","templated":true}]}}