{"id":2005,"date":"2025-09-22T14:06:59","date_gmt":"2025-09-22T11:06:59","guid":{"rendered":"https:\/\/crafts.ee\/?post_type=product&#038;p=2005"},"modified":"2026-01-27T22:22:46","modified_gmt":"2026-01-27T20:22:46","slug":"30ndad-on-tagasi","status":"publish","type":"product","link":"https:\/\/crafts.ee\/en\/toode\/30ndad-on-tagasi\/","title":{"rendered":"The 30s are back"},"content":{"rendered":"","protected":false},"excerpt":{"rendered":"<p>A copy from the 1930s. A product of the Koduk\u00e4sit\u00f6\u00f6 company \u2013 \u201ca sports kit for winter sports.\u201d<\/p>\n<p>100 % wool<\/p>\n<p>Colour: white background, pattern in red and black.<\/p>\n<table width=\"406\">\n<tbody>\n<tr>\n<td width=\"86\"><\/td>\n<td style=\"text-align: center;\" width=\"64\">XS<\/td>\n<td style=\"text-align: center;\" width=\"64\">S<\/td>\n<td style=\"text-align: center;\" width=\"64\">M<\/td>\n<td style=\"text-align: center;\" width=\"64\">L<\/td>\n<td style=\"text-align: center;\" width=\"64\">XL<\/td>\n<\/tr>\n<tr>\n<td>Chest<\/td>\n<td style=\"text-align: center;\">48<\/td>\n<td style=\"text-align: center;\">52<\/td>\n<td style=\"text-align: center;\">56<\/td>\n<td style=\"text-align: center;\">60<\/td>\n<td style=\"text-align: center;\">64<\/td>\n<\/tr>\n<tr>\n<td>Length<\/td>\n<td style=\"text-align: center;\">64<\/td>\n<td style=\"text-align: center;\">65<\/td>\n<td style=\"text-align: center;\">66<\/td>\n<td style=\"text-align: center;\">67<\/td>\n<td style=\"text-align: center;\">69<\/td>\n<\/tr>\n<tr>\n<td>Sleeve<\/td>\n<td style=\"text-align: center;\">58<\/td>\n<td style=\"text-align: center;\">58<\/td>\n<td style=\"text-align: center;\">59<\/td>\n<td style=\"text-align: center;\">60<\/td>\n<td style=\"text-align: center;\">61<\/td>\n<\/tr>\n<\/tbody>\n<\/table>","protected":false},"featured_media":2472,"template":"","meta":{"_acf_changed":false},"product_brand":[],"product_cat":[165],"product_tag":[],"class_list":{"0":"post-2005","1":"product","2":"type-product","3":"status-publish","4":"has-post-thumbnail","6":"product_cat-naiste-rahvuslikud-kampsunid","8":"first","9":"instock","10":"shipping-taxable","11":"purchasable","12":"product-type-variable"},"acf":[],"_links":{"self":[{"href":"https:\/\/crafts.ee\/en\/wp-json\/wp\/v2\/product\/2005","targetHints":{"allow":["GET"]}}],"collection":[{"href":"https:\/\/crafts.ee\/en\/wp-json\/wp\/v2\/product"}],"about":[{"href":"https:\/\/crafts.ee\/en\/wp-json\/wp\/v2\/types\/product"}],"wp:featuredmedia":[{"embeddable":true,"href":"https:\/\/crafts.ee\/en\/wp-json\/wp\/v2\/media\/2472"}],"wp:attachment":[{"href":"https:\/\/crafts.ee\/en\/wp-json\/wp\/v2\/media?parent=2005"}],"wp:term":[{"taxonomy":"product_brand","embeddable":true,"href":"https:\/\/crafts.ee\/en\/wp-json\/wp\/v2\/product_brand?post=2005"},{"taxonomy":"product_cat","embeddable":true,"href":"https:\/\/crafts.ee\/en\/wp-json\/wp\/v2\/product_cat?post=2005"},{"taxonomy":"product_tag","embeddable":true,"href":"https:\/\/crafts.ee\/en\/wp-json\/wp\/v2\/product_tag?post=2005"}],"curies":[{"name":"wp","href":"https:\/\/api.w.org\/{rel}","templated":true}]}}