{"id":1116,"date":"2025-04-23T15:16:49","date_gmt":"2025-04-23T12:16:49","guid":{"rendered":"https:\/\/crafts.ee\/?post_type=product&#038;p=1116"},"modified":"2026-01-27T22:34:03","modified_gmt":"2026-01-27T20:34:03","slug":"hobe-corvarongad","status":"publish","type":"product","link":"https:\/\/crafts.ee\/en\/toode\/hobe-korvarongad\/","title":{"rendered":"Earrings"},"content":{"rendered":"<p>.<\/p>","protected":false},"excerpt":{"rendered":"<p>Silver 925\u00b0<\/p>\n<p>Kaal:\u00a0 3 g<\/p>\n<p>L\u00e4bim\u00f5\u00f5t:\u00a0 1,5 cm<\/p>\n<p>Craftsman Heikki Puhk<\/p>","protected":false},"featured_media":2794,"template":"","meta":{"_acf_changed":false},"product_brand":[],"product_cat":[162],"product_tag":[],"class_list":{"0":"post-1116","1":"product","2":"type-product","3":"status-publish","4":"has-post-thumbnail","6":"product_cat-ehted","8":"first","9":"instock","10":"shipping-taxable","11":"purchasable","12":"product-type-simple"},"acf":[],"_links":{"self":[{"href":"https:\/\/crafts.ee\/en\/wp-json\/wp\/v2\/product\/1116","targetHints":{"allow":["GET"]}}],"collection":[{"href":"https:\/\/crafts.ee\/en\/wp-json\/wp\/v2\/product"}],"about":[{"href":"https:\/\/crafts.ee\/en\/wp-json\/wp\/v2\/types\/product"}],"wp:featuredmedia":[{"embeddable":true,"href":"https:\/\/crafts.ee\/en\/wp-json\/wp\/v2\/media\/2794"}],"wp:attachment":[{"href":"https:\/\/crafts.ee\/en\/wp-json\/wp\/v2\/media?parent=1116"}],"wp:term":[{"taxonomy":"product_brand","embeddable":true,"href":"https:\/\/crafts.ee\/en\/wp-json\/wp\/v2\/product_brand?post=1116"},{"taxonomy":"product_cat","embeddable":true,"href":"https:\/\/crafts.ee\/en\/wp-json\/wp\/v2\/product_cat?post=1116"},{"taxonomy":"product_tag","embeddable":true,"href":"https:\/\/crafts.ee\/en\/wp-json\/wp\/v2\/product_tag?post=1116"}],"curies":[{"name":"wp","href":"https:\/\/api.w.org\/{rel}","templated":true}]}}