{"id":32,"date":"2025-02-18T08:16:31","date_gmt":"2025-02-18T08:16:31","guid":{"rendered":"https:\/\/crafts.ee\/?page_id=32"},"modified":"2025-11-18T21:12:03","modified_gmt":"2025-11-18T19:12:03","slug":"contact","status":"publish","type":"page","link":"https:\/\/crafts.ee\/en\/kontakt\/","title":{"rendered":"Contact"},"content":{"rendered":"<div class=\"bde-globalblock-32-130 bde-globalblock\"><style>.breakdance .bde-section-1494-100-1494-1{background-image:url(https:\/\/crafts.ee\/wp-content\/uploads\/2025\/09\/anne-ly.jpg)}.breakdance .bde-section-1494-100-1494-1>.section-background-overlay{background-color:#00000040;transition:background-color var(--bde-transition-duration) ease-in-out}<\/style><section class=\"bde-section-1494-100-1494-1 bde-section bde-section-1494-100\">\n              \n  \n  \n\t\n\n  <div class=\"section-background-overlay\"><\/div>\n\n\n<div class=\"section-container\"><h1 class=\"bde-heading-1494-101-1494-1 bde-heading bde-heading-1494-101\">\nKontakt\n<\/h1><\/div>\n<\/section><\/div><section class=\"bde-section-32-100 bde-section\">\n  \n  \n\t\n\n\n\n<div class=\"section-container\"><div class=\"bde-columns-32-101 bde-columns\"><div class=\"bde-column-32-102 bde-column\">\n  \n  \n\t\n\n\n\n<h1 class=\"bde-heading-32-103 bde-heading\">\n\n<\/h1><div class=\"bde-rich-text-32-122 bde-rich-text breakdance-rich-text-styles\">\n<p style=\"text-align: left;\"><strong>Koduk\u00e4sit\u00f6\u00f6 O\u00dc<\/strong><\/p><p style=\"text-align: left;\">Reg nr: 10117453<\/p><p style=\"text-align: left;\">KMKR nr: EE100281334<\/p><p style=\"text-align: left;\">Swedbank: EE612200001120041508<\/p><p style=\"text-align: left;\">SEB pank: EE891010052039161000<\/p><p style=\"text-align: left;\">Telefon: <a href=\"tel:+3726314 076\">+ 372 6314 076<\/a><\/p><p style=\"text-align: left;\">E-post: <a href=\"mailto:info@crafts.ee\">info@crafts.ee<\/a><\/p><p>\u00a0<\/p><p style=\"text-align: left;\"><span dir=\"auto\" style=\"vertical-align: inherit;\">Rahvar\u00f5ivaste ja kudumite tellimine<\/span><strong><br \/><\/strong><a href=\"mailto:info@crafts.ee\"><span dir=\"auto\" style=\"vertical-align: inherit;\">info@crafts.ee<\/span><\/a><\/p><p style=\"text-align: left;\"><span dir=\"auto\" style=\"vertical-align: inherit;\">Juhataja\u00a0<\/span><strong><br \/><\/strong><span dir=\"auto\" style=\"vertical-align: inherit;\"> Katrin L\u00fckk,\u00a0 <\/span><a href=\"mailto:katrin@folkart.ee\"><span dir=\"auto\" style=\"vertical-align: inherit;\">katrin@folkart.ee\u00a0<\/span><\/a><\/p><p>\u00a0<\/p><p style=\"text-align: left;\"><a href=\"https:\/\/www.google.com\/maps\/place\/Pikk+tn+22,+10133+Tallinn\/@59.4390178,24.7452658,1478m\/data=!3m1!1e3!4m6!3m5!1s0x46929362351437a7:0xb76144078815b97!8m2!3d59.4386397!4d24.7462713!16s%2Fg%2F11cnckg3rv?entry=ttu&amp;g_ep=EgoyMDI1MDkwOC4wIKXMDSoASAFQAw%3D%3D\" target=\"_blank\" rel=\"noopener\">Juhised meieni<\/a><strong><a href=\"https:\/\/www.google.com\/maps\/place\/Pikk+tn+22,+10133+Tallinn\/@59.4390178,24.7452658,1478m\/data=!3m1!1e3!4m6!3m5!1s0x46929362351437a7:0xb76144078815b97!8m2!3d59.4386397!4d24.7462713!16s%2Fg%2F11cnckg3rv?entry=ttu&amp;g_ep=EgoyMDI1MDkwOC4wIKXMDSoASAFQAw%3D%3D\" target=\"_blank\" rel=\"noopener\">\u2197<\/a><br \/><br \/><\/strong><\/p>\n<\/div><div class=\"bde-rich-text-32-123 bde-rich-text breakdance-rich-text-styles\">\n<p>\u00a0<\/p><p style=\"text-align: left;\"><strong>Meiega seotud:<\/strong><\/p><p style=\"text-align: left;\"><a href=\"https:\/\/folkart.ee\/\" target=\"_blank\" rel=\"noopener\">MT\u00dc Eesti Rahvakunsti- ja K\u00e4sit\u00f6\u00f6 Liit<\/a><\/p><p style=\"text-align: left;\">MT\u00dc K\u00e4sit\u00f6\u00f6maailm<\/p><p style=\"text-align: left;\"><a href=\"https:\/\/rahvaroivad.ee\/\" target=\"_blank\" rel=\"noopener\">MT\u00dc Rahvar\u00f5ivas<\/a><\/p><p style=\"text-align: left;\">\u00a0<\/p>\n<\/div><div class=\"bde-social-icons-32-105 bde-social-icons\">\n                  \n            \n            \n\n    \n    \n    \n    \n    \n    <a class=\"breakdance-link bde-social-icons__icon-wrapper bde-social-icons__icon-custom\" href=\"https:\/\/www.facebook.com\/Kodukasitoo\" target=\"_blank\" data-type=\"url\" aria-label=\"custom\" rel=\"noopener\">\n\n                        <svg xmlns=\"http:\/\/www.w3.org\/2000\/svg\" width=\"100%\" viewBox=\"0 0 24 24\">\n            <path d=\"M9 8h-3v4h3v12h5v-12h3.642l.358-4h-4v-1.667c0-.955.192-1.333 1.115-1.333h2.885v-5h-3.808c-3.596 0-5.192 1.583-5.192 4.615v3.385z\"\/>\n          <\/svg>\n                      <\/a>\n\n                    \n            \n            \n\n    \n    \n    \n    \n    \n    <a class=\"breakdance-link bde-social-icons__icon-wrapper bde-social-icons__icon-custom\" href=\"https:\/\/www.instagram.com\/kodukasitoo\" target=\"_blank\" data-type=\"url\" aria-label=\"custom\" rel=\"noopener\">\n\n                        <svg xmlns=\"http:\/\/www.w3.org\/2000\/svg\" viewBox=\"0 0 448 512\"><!-- Font Awesome Free 5.15.1 by @fontawesome - https:\/\/fontawesome.com License - https:\/\/fontawesome.com\/license\/free (Icons: CC BY 4.0, Fonts: SIL OFL 1.1, Code: MIT License) --><path d=\"M224.1 141c-63.6 0-114.9 51.3-114.9 114.9s51.3 114.9 114.9 114.9S339 319.5 339 255.9 287.7 141 224.1 141zm0 189.6c-41.1 0-74.7-33.5-74.7-74.7s33.5-74.7 74.7-74.7 74.7 33.5 74.7 74.7-33.6 74.7-74.7 74.7zm146.4-194.3c0 14.9-12 26.8-26.8 26.8-14.9 0-26.8-12-26.8-26.8s12-26.8 26.8-26.8 26.8 12 26.8 26.8zm76.1 27.2c-1.7-35.9-9.9-67.7-36.2-93.9-26.2-26.2-58-34.4-93.9-36.2-37-2.1-147.9-2.1-184.9 0-35.8 1.7-67.6 9.9-93.9 36.1s-34.4 58-36.2 93.9c-2.1 37-2.1 147.9 0 184.9 1.7 35.9 9.9 67.7 36.2 93.9s58 34.4 93.9 36.2c37 2.1 147.9 2.1 184.9 0 35.9-1.7 67.7-9.9 93.9-36.2 26.2-26.2 34.4-58 36.2-93.9 2.1-37 2.1-147.8 0-184.8zM398.8 388c-7.8 19.6-22.9 34.7-42.6 42.6-29.5 11.7-99.5 9-132.1 9s-102.7 2.6-132.1-9c-19.6-7.8-34.7-22.9-42.6-42.6-11.7-29.5-9-99.5-9-132.1s-2.6-102.7 9-132.1c7.8-19.6 22.9-34.7 42.6-42.6 29.5-11.7 99.5-9 132.1-9s102.7-2.6 132.1 9c19.6 7.8 34.7 22.9 42.6 42.6 11.7 29.5 9 99.5 9 132.1s2.7 102.7-9 132.1z\"\/><\/svg>\n                      <\/a>\n\n    \n<\/div>\n<\/div><div class=\"bde-column-32-125 bde-column\">\n  \n  \n\t\n\n\n\n<div class=\"bde-div-32-145 bde-div\">\n  \n  \n\t\n\n\n\n<img decoding=\"async\" class=\"bde-image2-32-131 bde-image2\" src=\"https:\/\/crafts.ee\/wp-content\/uploads\/2025\/05\/Johvi_neiu_detail_2-\u2013-koopia-scaled-1.jpg\" loading=\"lazy\" srcset=\"https:\/\/crafts.ee\/wp-content\/uploads\/2025\/05\/Johvi_neiu_detail_2-\u2013-koopia-scaled-1.jpg 1708w, https:\/\/crafts.ee\/wp-content\/uploads\/2025\/05\/Johvi_neiu_detail_2-\u2013-koopia-scaled-1-200x300.jpg 200w, https:\/\/crafts.ee\/wp-content\/uploads\/2025\/05\/Johvi_neiu_detail_2-\u2013-koopia-scaled-1-683x1024.jpg 683w, https:\/\/crafts.ee\/wp-content\/uploads\/2025\/05\/Johvi_neiu_detail_2-\u2013-koopia-scaled-1-768x1151.jpg 768w, https:\/\/crafts.ee\/wp-content\/uploads\/2025\/05\/Johvi_neiu_detail_2-\u2013-koopia-scaled-1-1025x1536.jpg 1025w, https:\/\/crafts.ee\/wp-content\/uploads\/2025\/05\/Johvi_neiu_detail_2-\u2013-koopia-scaled-1-1366x2048.jpg 1366w, https:\/\/crafts.ee\/wp-content\/uploads\/2025\/05\/Johvi_neiu_detail_2-\u2013-koopia-scaled-1-8x12.jpg 8w, https:\/\/crafts.ee\/wp-content\/uploads\/2025\/05\/Johvi_neiu_detail_2-\u2013-koopia-scaled-1-600x899.jpg 600w, https:\/\/crafts.ee\/wp-content\/uploads\/2025\/05\/Johvi_neiu_detail_2-\u2013-koopia-scaled-1-64x96.jpg 64w\" sizes=\"(max-width: 1708px) 100vw, 1708px\"><div class=\"bde-globalblock-32-133 bde-globalblock\"><section class=\"bde-section-1864-100-1864-1 bde-section bde-section-1864-100\">\n  \n  \n\t\n\n\n\n<div class=\"section-container\"><div class=\"bde-form-builder-1864-120-1864-1 bde-form-builder bde-form-builder-1864-120\">\n\n<form id=\"kontaktivorm120\" class=\"breakdance-form breakdance-form--vertical\" data-options=\"{&quot;slug&quot;:&quot;custom&quot;,&quot;name&quot;:&quot;Kontaktivorm&quot;,&quot;ajaxUrl&quot;:&quot;https:\\\/\\\/crafts.ee\\\/wp-admin\\\/admin-ajax.php&quot;,&quot;clearOnSuccess&quot;:true,&quot;hideOnSuccess&quot;:false,&quot;successMessage&quot;:&quot;S\\u00f5num edukalt edastatud&quot;,&quot;errorMessage&quot;:&quot;Midagi l\\u00e4ks valesti&quot;,&quot;redirect&quot;:false,&quot;redirectUrl&quot;:&quot;&quot;,&quot;customJavaScript&quot;:&quot;&quot;,&quot;recaptcha&quot;:{&quot;key&quot;:&quot;&quot;,&quot;enabled&quot;:false},&quot;honeypot_enabled&quot;:false,&quot;popupsOnSuccess&quot;:[],&quot;popupsOnError&quot;:[]}\" data-steps=\"0\" >\n  \n  \n  \n<div class=\"breakdance-form-field breakdance-form-field--text\" >\n    \n    \n            <label class=\"breakdance-form-field__label\" for=\"nimi\">\n            Nimi<span class=\"breakdance-form-field__required\">*<\/span>\n        <\/label>\n    \n    <input\n    class=\"breakdance-form-field__input\"\n    id=\"nimi\"\n    aria-describedby=\"nimi\"\n    type=\"text\"\n    name=\"fields[nimi]\"\n    placeholder=\"Nimi\"\n    value=\"\"\n                \n        \n        \n    required\n    \n    \n    \n>\n\n\n    \n    \n<\/div>\n\n\n<div class=\"breakdance-form-field breakdance-form-field--text\" >\n    \n    \n            <label class=\"breakdance-form-field__label\" for=\"perekonnanimi\">\n            Perekonnanimi<span class=\"breakdance-form-field__required\">*<\/span>\n        <\/label>\n    \n    <input\n    class=\"breakdance-form-field__input\"\n    id=\"perekonnanimi\"\n    aria-describedby=\"perekonnanimi\"\n    type=\"text\"\n    name=\"fields[perekonnanimi]\"\n    placeholder=\"Perekonnanimi\"\n    value=\"\"\n                \n        \n        \n    required\n    \n    \n    \n>\n\n\n    \n    \n<\/div>\n\n\n<div class=\"breakdance-form-field breakdance-form-field--email\" >\n    \n    \n            <label class=\"breakdance-form-field__label\" for=\"e_post\">\n            E-post<span class=\"breakdance-form-field__required\">*<\/span>\n        <\/label>\n    \n    <input\n    class=\"breakdance-form-field__input\"\n    id=\"e_post\"\n    aria-describedby=\"e_post\"\n    type=\"email\"\n    name=\"fields[e_post]\"\n    placeholder=\"E-post\"\n    value=\"\"\n                \n        \n        \n    required\n    \n    \n    \n>\n\n\n    \n    \n<\/div>\n\n\n<div class=\"breakdance-form-field breakdance-form-field--tel\" >\n    \n    \n            <label class=\"breakdance-form-field__label\" for=\"telefoni_number\">\n            Telefoni number<span class=\"breakdance-form-field__required\">*<\/span>\n        <\/label>\n    \n    <input\n    class=\"breakdance-form-field__input\"\n    id=\"telefoni_number\"\n    aria-describedby=\"telefoni_number\"\n    type=\"tel\"\n    name=\"fields[telefoni_number]\"\n    placeholder=\"Telefoni number\"\n    value=\"\"\n                \n        \n        \n    required\n    \n    \n    \n>\n\n\n    \n    \n<\/div>\n\n\n<div class=\"breakdance-form-field breakdance-form-field--textarea\" >\n    \n    \n            <label class=\"breakdance-form-field__label\" for=\"sonum\">\n            S\u00f5num<span class=\"breakdance-form-field__required\">*<\/span>\n        <\/label>\n    \n    <textarea\n    class=\"breakdance-form-field__input\"\n    id=\"sonum\"\n    aria-describedby=\"sonum\"\n    type=\"textarea\"\n    name=\"fields[sonum]\"\n        placeholder=\"S\u00f5num\"\n    required\n    >\n<\/textarea>\n\n\n    \n    \n<\/div>\n\n\n  \n\n<div class=\"breakdance-form-field breakdance-form-footer\">\n    \n    \n                                    \n    \n    \n    \n    \n            \n            <button type=\"submit\" class=\"button-atom button-atom--primary breakdance-form-button breakdance-form-button__submit\"  >\n    \n        <span class=\"button-atom__text\">Saada<\/span>\n\n        \n        \n            <\/button>\n    \n    <input type=\"hidden\" name=\"form_id\" value=\"120\">\n    <input type=\"hidden\" name=\"post_id\" value=\"1864\">\n<\/div>\n\n  \n<\/form>\n\n\n<\/div><\/div>\n<\/section><\/div>\n<\/div>\n<\/div><\/div><\/div>\n<\/section>","protected":false},"excerpt":{"rendered":"<p>Kontakt Koduk\u00e4sit\u00f6\u00f6 O\u00dcReg nr: 10117453KMKR nr: EE100281334Swedbank: EE612200001120041508SEB pank: EE891010052039161000Telefon: + 372 6314 076E-post: info@crafts.ee\u00a0Rahvar\u00f5ivaste ja kudumite tellimineinfo@crafts.eeJuhataja\u00a0 Katrin L\u00fckk,\u00a0 katrin@folkart.ee\u00a0\u00a0Juhised meieni\u2197 \u00a0Meiega seotud:MT\u00dc Eesti Rahvakunsti- ja K\u00e4sit\u00f6\u00f6 LiitMT\u00dc K\u00e4sit\u00f6\u00f6maailmMT\u00dc Rahvar\u00f5ivas\u00a0 Nimi* Perekonnanimi* E-post* Telefoni number* S\u00f5num* Saada<\/p>","protected":false},"author":3,"featured_media":2291,"parent":0,"menu_order":0,"comment_status":"closed","ping_status":"closed","template":"","meta":{"_acf_changed":false,"_breakdance_hide_in_design_set":false,"_breakdance_tags":"","footnotes":""},"class_list":["post-32","page","type-page","status-publish","has-post-thumbnail","hentry"],"acf":[],"_links":{"self":[{"href":"https:\/\/crafts.ee\/en\/wp-json\/wp\/v2\/pages\/32","targetHints":{"allow":["GET"]}}],"collection":[{"href":"https:\/\/crafts.ee\/en\/wp-json\/wp\/v2\/pages"}],"about":[{"href":"https:\/\/crafts.ee\/en\/wp-json\/wp\/v2\/types\/page"}],"author":[{"embeddable":true,"href":"https:\/\/crafts.ee\/en\/wp-json\/wp\/v2\/users\/3"}],"replies":[{"embeddable":true,"href":"https:\/\/crafts.ee\/en\/wp-json\/wp\/v2\/comments?post=32"}],"version-history":[{"count":72,"href":"https:\/\/crafts.ee\/en\/wp-json\/wp\/v2\/pages\/32\/revisions"}],"predecessor-version":[{"id":3030,"href":"https:\/\/crafts.ee\/en\/wp-json\/wp\/v2\/pages\/32\/revisions\/3030"}],"wp:featuredmedia":[{"embeddable":true,"href":"https:\/\/crafts.ee\/en\/wp-json\/wp\/v2\/media\/2291"}],"wp:attachment":[{"href":"https:\/\/crafts.ee\/en\/wp-json\/wp\/v2\/media?parent=32"}],"curies":[{"name":"wp","href":"https:\/\/api.w.org\/{rel}","templated":true}]}}