{"id":26,"date":"2025-02-18T08:15:51","date_gmt":"2025-02-18T08:15:51","guid":{"rendered":"https:\/\/crafts.ee\/?page_id=26"},"modified":"2025-11-12T13:19:41","modified_gmt":"2025-11-12T11:19:41","slug":"crowdswimming","status":"publish","type":"page","link":"https:\/\/crafts.ee\/en\/rahvaroivad\/","title":{"rendered":"Folk costumes"},"content":{"rendered":"<div class=\"bde-globalblock-26-129 bde-globalblock\"><style>.breakdance .bde-section-1494-100-1494-1{background-image:url(https:\/\/crafts.ee\/wp-content\/uploads\/2025\/09\/triibuseelikukangad.jpg)}.breakdance .bde-section-1494-100-1494-1>.section-background-overlay{background-color:#00000040;transition:background-color var(--bde-transition-duration) ease-in-out}<\/style><section class=\"bde-section-1494-100-1494-1 bde-section bde-section-1494-100\">\n              \n  \n  \n\t\n\n  <div class=\"section-background-overlay\"><\/div>\n\n\n<div class=\"section-container\"><h1 class=\"bde-heading-1494-101-1494-1 bde-heading bde-heading-1494-101\">\nRahvar\u00f5ivad\n<\/h1><\/div>\n<\/section><\/div><section class=\"bde-section-26-100 bde-section\">\n  \n  \n\t\n\n\n\n<div class=\"section-container\"><div class=\"bde-columns-26-101 bde-columns\"><div class=\"bde-column-26-102 bde-column\">\n  \n  \n\t\n\n\n\n<div class=\"bde-gallery-26-119 bde-gallery\">\n\n\n  \n\n\n\n\n\n\n\n\n\n\n<div class=\"ee-gallery ee-gallery--default ee-gallery--grid ee-gallery--single ee-gallery--lightbox ee-gallery-- ee-gallery--caption- ee-gallery--caption-none ee-gallery--ratio\">\n                  \n      <a class=\"ee-gallery-item ee-gallery-item--image ee-gallery-item--single\" href=\"https:\/\/crafts.ee\/wp-content\/uploads\/2025\/09\/kangad-1.jpg\"  data-sub-html=\"<span><\/span>\" data-category=\"1\"                  data-lg-size=\"1536-2048\"\n\n      >\n        <figure class=\"ee-gallery-item-figure\">\n                        <img loading=\"lazy\" decoding=\"async\" class=\"breakdance-image-object\" src=\"https:\/\/crafts.ee\/wp-content\/uploads\/2025\/09\/kangad-1-768x1024.jpg\" width=\"768\" height=\"1024\" srcset=\"https:\/\/crafts.ee\/wp-content\/uploads\/2025\/09\/kangad-1.jpg 1536w, https:\/\/crafts.ee\/wp-content\/uploads\/2025\/09\/kangad-1-225x300.jpg 225w, https:\/\/crafts.ee\/wp-content\/uploads\/2025\/09\/kangad-1-768x1024.jpg 768w, https:\/\/crafts.ee\/wp-content\/uploads\/2025\/09\/kangad-1-1152x1536.jpg 1152w, https:\/\/crafts.ee\/wp-content\/uploads\/2025\/09\/kangad-1-9x12.jpg 9w, https:\/\/crafts.ee\/wp-content\/uploads\/2025\/09\/kangad-1-600x800.jpg 600w, https:\/\/crafts.ee\/wp-content\/uploads\/2025\/09\/kangad-1-64x85.jpg 64w\" sizes=\"auto, (max-width: 1536px) 100vw, 1536px\">\n          \n                  <\/figure>\n      <\/a>\n\n                \n      <a class=\"ee-gallery-item ee-gallery-item--image ee-gallery-item--single\" href=\"https:\/\/crafts.ee\/wp-content\/uploads\/2025\/09\/497605362_1364876228628179_5755781664525150444_n.jpg\"  data-sub-html=\"<span><\/span>\" data-category=\"1\"                  data-lg-size=\"1536-2048\"\n\n      >\n        <figure class=\"ee-gallery-item-figure\">\n                        <img loading=\"lazy\" decoding=\"async\" class=\"breakdance-image-object\" src=\"https:\/\/crafts.ee\/wp-content\/uploads\/2025\/09\/497605362_1364876228628179_5755781664525150444_n-768x1024.jpg\" width=\"768\" height=\"1024\" srcset=\"https:\/\/crafts.ee\/wp-content\/uploads\/2025\/09\/497605362_1364876228628179_5755781664525150444_n.jpg 1536w, https:\/\/crafts.ee\/wp-content\/uploads\/2025\/09\/497605362_1364876228628179_5755781664525150444_n-225x300.jpg 225w, https:\/\/crafts.ee\/wp-content\/uploads\/2025\/09\/497605362_1364876228628179_5755781664525150444_n-768x1024.jpg 768w, https:\/\/crafts.ee\/wp-content\/uploads\/2025\/09\/497605362_1364876228628179_5755781664525150444_n-1152x1536.jpg 1152w, https:\/\/crafts.ee\/wp-content\/uploads\/2025\/09\/497605362_1364876228628179_5755781664525150444_n-9x12.jpg 9w, https:\/\/crafts.ee\/wp-content\/uploads\/2025\/09\/497605362_1364876228628179_5755781664525150444_n-600x800.jpg 600w, https:\/\/crafts.ee\/wp-content\/uploads\/2025\/09\/497605362_1364876228628179_5755781664525150444_n-64x85.jpg 64w\" sizes=\"auto, (max-width: 1536px) 100vw, 1536px\">\n          \n                  <\/figure>\n      <\/a>\n\n                \n      <a class=\"ee-gallery-item ee-gallery-item--image ee-gallery-item--single\" href=\"https:\/\/crafts.ee\/wp-content\/uploads\/2025\/09\/solg.jpg\"  data-sub-html=\"<span><\/span>\" data-category=\"1\"                  data-lg-size=\"685-642\"\n\n      >\n        <figure class=\"ee-gallery-item-figure\">\n                        <img loading=\"lazy\" decoding=\"async\" class=\"breakdance-image-object\" src=\"https:\/\/crafts.ee\/wp-content\/uploads\/2025\/09\/solg.jpg\" width=\"685\" height=\"642\" srcset=\"https:\/\/crafts.ee\/wp-content\/uploads\/2025\/09\/solg.jpg 685w, https:\/\/crafts.ee\/wp-content\/uploads\/2025\/09\/solg-300x281.jpg 300w, https:\/\/crafts.ee\/wp-content\/uploads\/2025\/09\/solg-13x12.jpg 13w, https:\/\/crafts.ee\/wp-content\/uploads\/2025\/09\/solg-600x562.jpg 600w, https:\/\/crafts.ee\/wp-content\/uploads\/2025\/09\/solg-64x60.jpg 64w\" sizes=\"auto, (max-width: 685px) 100vw, 685px\">\n          \n                  <\/figure>\n      <\/a>\n\n                \n      <a class=\"ee-gallery-item ee-gallery-item--image ee-gallery-item--single\" href=\"https:\/\/crafts.ee\/wp-content\/uploads\/2025\/02\/Crafts-galerii29.jpg\"  data-sub-html=\"<span><\/span>\" data-category=\"1\"                  data-lg-size=\"1068-1600\"\n\n      >\n        <figure class=\"ee-gallery-item-figure\">\n                        <img loading=\"lazy\" decoding=\"async\" class=\"breakdance-image-object\" src=\"https:\/\/crafts.ee\/wp-content\/uploads\/2025\/02\/Crafts-galerii29-684x1024.jpg\" width=\"684\" height=\"1024\" srcset=\"https:\/\/crafts.ee\/wp-content\/uploads\/2025\/02\/Crafts-galerii29.jpg 1068w, https:\/\/crafts.ee\/wp-content\/uploads\/2025\/02\/Crafts-galerii29-600x899.jpg 600w, https:\/\/crafts.ee\/wp-content\/uploads\/2025\/02\/Crafts-galerii29-200x300.jpg 200w, https:\/\/crafts.ee\/wp-content\/uploads\/2025\/02\/Crafts-galerii29-684x1024.jpg 684w, https:\/\/crafts.ee\/wp-content\/uploads\/2025\/02\/Crafts-galerii29-768x1151.jpg 768w, https:\/\/crafts.ee\/wp-content\/uploads\/2025\/02\/Crafts-galerii29-1025x1536.jpg 1025w\" sizes=\"auto, (max-width: 1068px) 100vw, 1068px\">\n          \n                  <\/figure>\n      <\/a>\n\n                \n      <a class=\"ee-gallery-item ee-gallery-item--image ee-gallery-item--single\" href=\"https:\/\/crafts.ee\/wp-content\/uploads\/2025\/09\/kirivoo.jpg\"  data-sub-html=\"<span><\/span>\" data-category=\"1\"                  data-lg-size=\"805-617\"\n\n      >\n        <figure class=\"ee-gallery-item-figure\">\n                        <img loading=\"lazy\" decoding=\"async\" class=\"breakdance-image-object\" src=\"https:\/\/crafts.ee\/wp-content\/uploads\/2025\/09\/kirivoo.jpg\" width=\"805\" height=\"617\" srcset=\"https:\/\/crafts.ee\/wp-content\/uploads\/2025\/09\/kirivoo.jpg 805w, https:\/\/crafts.ee\/wp-content\/uploads\/2025\/09\/kirivoo-300x230.jpg 300w, https:\/\/crafts.ee\/wp-content\/uploads\/2025\/09\/kirivoo-768x589.jpg 768w, https:\/\/crafts.ee\/wp-content\/uploads\/2025\/09\/kirivoo-16x12.jpg 16w, https:\/\/crafts.ee\/wp-content\/uploads\/2025\/09\/kirivoo-600x460.jpg 600w, https:\/\/crafts.ee\/wp-content\/uploads\/2025\/09\/kirivoo-64x49.jpg 64w\" sizes=\"auto, (max-width: 805px) 100vw, 805px\">\n          \n                  <\/figure>\n      <\/a>\n\n                \n      <a class=\"ee-gallery-item ee-gallery-item--image ee-gallery-item--single\" href=\"https:\/\/crafts.ee\/wp-content\/uploads\/2025\/09\/saarepaelad.jpg\"  data-sub-html=\"<span><\/span>\" data-category=\"1\"                  data-lg-size=\"2016-1512\"\n\n      >\n        <figure class=\"ee-gallery-item-figure\">\n                        <img loading=\"lazy\" decoding=\"async\" class=\"breakdance-image-object\" src=\"https:\/\/crafts.ee\/wp-content\/uploads\/2025\/09\/saarepaelad-1024x768.jpg\" width=\"1024\" height=\"768\" srcset=\"https:\/\/crafts.ee\/wp-content\/uploads\/2025\/09\/saarepaelad.jpg 2016w, https:\/\/crafts.ee\/wp-content\/uploads\/2025\/09\/saarepaelad-300x225.jpg 300w, https:\/\/crafts.ee\/wp-content\/uploads\/2025\/09\/saarepaelad-1024x768.jpg 1024w, https:\/\/crafts.ee\/wp-content\/uploads\/2025\/09\/saarepaelad-768x576.jpg 768w, https:\/\/crafts.ee\/wp-content\/uploads\/2025\/09\/saarepaelad-1536x1152.jpg 1536w, https:\/\/crafts.ee\/wp-content\/uploads\/2025\/09\/saarepaelad-16x12.jpg 16w, https:\/\/crafts.ee\/wp-content\/uploads\/2025\/09\/saarepaelad-600x450.jpg 600w, https:\/\/crafts.ee\/wp-content\/uploads\/2025\/09\/saarepaelad-64x48.jpg 64w\" sizes=\"auto, (max-width: 2016px) 100vw, 2016px\">\n          \n                  <\/figure>\n      <\/a>\n\n                \n      <a class=\"ee-gallery-item ee-gallery-item--image ee-gallery-item--single\" href=\"https:\/\/crafts.ee\/wp-content\/uploads\/2025\/09\/meeste-sark.jpg\"  data-sub-html=\"<span><\/span>\" data-category=\"1\"                  data-lg-size=\"1536-2048\"\n\n      >\n        <figure class=\"ee-gallery-item-figure\">\n                        <img loading=\"lazy\" decoding=\"async\" class=\"breakdance-image-object\" src=\"https:\/\/crafts.ee\/wp-content\/uploads\/2025\/09\/meeste-sark-768x1024.jpg\" width=\"768\" height=\"1024\" srcset=\"https:\/\/crafts.ee\/wp-content\/uploads\/2025\/09\/meeste-sark.jpg 1536w, https:\/\/crafts.ee\/wp-content\/uploads\/2025\/09\/meeste-sark-225x300.jpg 225w, https:\/\/crafts.ee\/wp-content\/uploads\/2025\/09\/meeste-sark-768x1024.jpg 768w, https:\/\/crafts.ee\/wp-content\/uploads\/2025\/09\/meeste-sark-1152x1536.jpg 1152w, https:\/\/crafts.ee\/wp-content\/uploads\/2025\/09\/meeste-sark-9x12.jpg 9w, https:\/\/crafts.ee\/wp-content\/uploads\/2025\/09\/meeste-sark-600x800.jpg 600w, https:\/\/crafts.ee\/wp-content\/uploads\/2025\/09\/meeste-sark-64x85.jpg 64w\" sizes=\"auto, (max-width: 1536px) 100vw, 1536px\">\n          \n                  <\/figure>\n      <\/a>\n\n                \n      <a class=\"ee-gallery-item ee-gallery-item--image ee-gallery-item--single\" href=\"https:\/\/crafts.ee\/wp-content\/uploads\/2025\/09\/kingad.jpg\"  data-sub-html=\"<span><\/span>\" data-category=\"1\"                  data-lg-size=\"1536-2048\"\n\n      >\n        <figure class=\"ee-gallery-item-figure\">\n                        <img loading=\"lazy\" decoding=\"async\" class=\"breakdance-image-object\" src=\"https:\/\/crafts.ee\/wp-content\/uploads\/2025\/09\/kingad-768x1024.jpg\" width=\"768\" height=\"1024\" srcset=\"https:\/\/crafts.ee\/wp-content\/uploads\/2025\/09\/kingad.jpg 1536w, https:\/\/crafts.ee\/wp-content\/uploads\/2025\/09\/kingad-225x300.jpg 225w, https:\/\/crafts.ee\/wp-content\/uploads\/2025\/09\/kingad-768x1024.jpg 768w, https:\/\/crafts.ee\/wp-content\/uploads\/2025\/09\/kingad-1152x1536.jpg 1152w, https:\/\/crafts.ee\/wp-content\/uploads\/2025\/09\/kingad-9x12.jpg 9w, https:\/\/crafts.ee\/wp-content\/uploads\/2025\/09\/kingad-600x800.jpg 600w, https:\/\/crafts.ee\/wp-content\/uploads\/2025\/09\/kingad-64x85.jpg 64w\" sizes=\"auto, (max-width: 1536px) 100vw, 1536px\">\n          \n                  <\/figure>\n      <\/a>\n\n                \n      <a class=\"ee-gallery-item ee-gallery-item--image ee-gallery-item--single\" href=\"https:\/\/crafts.ee\/wp-content\/uploads\/2025\/09\/saapad.jpg\"  data-sub-html=\"<span><\/span>\" data-category=\"1\"                  data-lg-size=\"1536-2048\"\n\n      >\n        <figure class=\"ee-gallery-item-figure\">\n                        <img loading=\"lazy\" decoding=\"async\" class=\"breakdance-image-object\" src=\"https:\/\/crafts.ee\/wp-content\/uploads\/2025\/09\/saapad-768x1024.jpg\" width=\"768\" height=\"1024\" srcset=\"https:\/\/crafts.ee\/wp-content\/uploads\/2025\/09\/saapad.jpg 1536w, https:\/\/crafts.ee\/wp-content\/uploads\/2025\/09\/saapad-225x300.jpg 225w, https:\/\/crafts.ee\/wp-content\/uploads\/2025\/09\/saapad-768x1024.jpg 768w, https:\/\/crafts.ee\/wp-content\/uploads\/2025\/09\/saapad-1152x1536.jpg 1152w, https:\/\/crafts.ee\/wp-content\/uploads\/2025\/09\/saapad-9x12.jpg 9w, https:\/\/crafts.ee\/wp-content\/uploads\/2025\/09\/saapad-600x800.jpg 600w, https:\/\/crafts.ee\/wp-content\/uploads\/2025\/09\/saapad-64x85.jpg 64w\" sizes=\"auto, (max-width: 1536px) 100vw, 1536px\">\n          \n                  <\/figure>\n      <\/a>\n\n      \n  <\/div>\n\n\n\n<\/div>\n<\/div><div class=\"bde-column-26-105 bde-column\">\n  \n  \n\t\n\n\n\n<div class=\"bde-rich-text-26-108 bde-rich-text breakdance-rich-text-styles\">\n<h3><span dir=\"auto\" style=\"vertical-align: inherit;\"><span dir=\"auto\" style=\"vertical-align: inherit;\">Valmistame tellimisel tervikkomplekti v\u00f5i \u00fcksikesemeid.<\/span><\/span><\/h3>\n<\/div><div class=\"bde-button-26-122 bde-button\">\n    \n                        \n                        \n    \n    \n    \n    \n            \n                    \n            \n            \n\n    \n    \n    \n    \n    \n    <a class=\"breakdance-link button-atom button-atom--secondary bde-button__button\" href=\"https:\/\/crafts.ee\/tootekategooria\/rahvaroivad\/\" target=\"_self\" data-type=\"url\"  >\n\n    \n        <span class=\"button-atom__text\">E-pood<\/span>\n\n        \n        \n                <\/a>\n\n    \n\n\n<\/div><div class=\"bde-div-26-131 bde-div\">\n  \n  \n\t\n\n\n\n<h2 class=\"bde-heading-26-126 bde-heading\">\nEsita p\u00e4ring rahvar\u00f5ivaste tellimiseks\n<\/h2><div class=\"bde-globalblock-26-130 bde-globalblock\"><section class=\"bde-section-1864-100-1864-1 bde-section bde-section-1864-100\">\n  \n  \n\t\n\n\n\n<div class=\"section-container\"><div class=\"bde-form-builder-1864-120-1864-1 bde-form-builder bde-form-builder-1864-120\">\n\n<form id=\"kontaktivorm120\" class=\"breakdance-form breakdance-form--vertical\" data-options=\"{&quot;slug&quot;:&quot;custom&quot;,&quot;name&quot;:&quot;Kontaktivorm&quot;,&quot;ajaxUrl&quot;:&quot;https:\\\/\\\/crafts.ee\\\/wp-admin\\\/admin-ajax.php&quot;,&quot;clearOnSuccess&quot;:true,&quot;hideOnSuccess&quot;:false,&quot;successMessage&quot;:&quot;S\\u00f5num edukalt edastatud&quot;,&quot;errorMessage&quot;:&quot;Midagi l\\u00e4ks valesti&quot;,&quot;redirect&quot;:false,&quot;redirectUrl&quot;:&quot;&quot;,&quot;customJavaScript&quot;:&quot;&quot;,&quot;recaptcha&quot;:{&quot;key&quot;:&quot;&quot;,&quot;enabled&quot;:false},&quot;honeypot_enabled&quot;:false,&quot;popupsOnSuccess&quot;:[],&quot;popupsOnError&quot;:[]}\" data-steps=\"0\" >\n  \n  \n  \n<div class=\"breakdance-form-field breakdance-form-field--text\" >\n    \n    \n            <label class=\"breakdance-form-field__label\" for=\"nimi\">\n            Nimi<span class=\"breakdance-form-field__required\">*<\/span>\n        <\/label>\n    \n    <input\n    class=\"breakdance-form-field__input\"\n    id=\"nimi\"\n    aria-describedby=\"nimi\"\n    type=\"text\"\n    name=\"fields[nimi]\"\n    placeholder=\"Nimi\"\n    value=\"\"\n                \n        \n        \n    required\n    \n    \n    \n>\n\n\n    \n    \n<\/div>\n\n\n<div class=\"breakdance-form-field breakdance-form-field--text\" >\n    \n    \n            <label class=\"breakdance-form-field__label\" for=\"perekonnanimi\">\n            Perekonnanimi<span class=\"breakdance-form-field__required\">*<\/span>\n        <\/label>\n    \n    <input\n    class=\"breakdance-form-field__input\"\n    id=\"perekonnanimi\"\n    aria-describedby=\"perekonnanimi\"\n    type=\"text\"\n    name=\"fields[perekonnanimi]\"\n    placeholder=\"Perekonnanimi\"\n    value=\"\"\n                \n        \n        \n    required\n    \n    \n    \n>\n\n\n    \n    \n<\/div>\n\n\n<div class=\"breakdance-form-field breakdance-form-field--email\" >\n    \n    \n            <label class=\"breakdance-form-field__label\" for=\"e_post\">\n            E-post<span class=\"breakdance-form-field__required\">*<\/span>\n        <\/label>\n    \n    <input\n    class=\"breakdance-form-field__input\"\n    id=\"e_post\"\n    aria-describedby=\"e_post\"\n    type=\"email\"\n    name=\"fields[e_post]\"\n    placeholder=\"E-post\"\n    value=\"\"\n                \n        \n        \n    required\n    \n    \n    \n>\n\n\n    \n    \n<\/div>\n\n\n<div class=\"breakdance-form-field breakdance-form-field--tel\" >\n    \n    \n            <label class=\"breakdance-form-field__label\" for=\"telefoni_number\">\n            Telefoni number<span class=\"breakdance-form-field__required\">*<\/span>\n        <\/label>\n    \n    <input\n    class=\"breakdance-form-field__input\"\n    id=\"telefoni_number\"\n    aria-describedby=\"telefoni_number\"\n    type=\"tel\"\n    name=\"fields[telefoni_number]\"\n    placeholder=\"Telefoni number\"\n    value=\"\"\n                \n        \n        \n    required\n    \n    \n    \n>\n\n\n    \n    \n<\/div>\n\n\n<div class=\"breakdance-form-field breakdance-form-field--textarea\" >\n    \n    \n            <label class=\"breakdance-form-field__label\" for=\"sonum\">\n            S\u00f5num<span class=\"breakdance-form-field__required\">*<\/span>\n        <\/label>\n    \n    <textarea\n    class=\"breakdance-form-field__input\"\n    id=\"sonum\"\n    aria-describedby=\"sonum\"\n    type=\"textarea\"\n    name=\"fields[sonum]\"\n        placeholder=\"S\u00f5num\"\n    required\n    >\n<\/textarea>\n\n\n    \n    \n<\/div>\n\n\n  \n\n<div class=\"breakdance-form-field breakdance-form-footer\">\n    \n    \n                                    \n    \n    \n    \n    \n            \n            <button type=\"submit\" class=\"button-atom button-atom--primary breakdance-form-button breakdance-form-button__submit\"  >\n    \n        <span class=\"button-atom__text\">Saada<\/span>\n\n        \n        \n            <\/button>\n    \n    <input type=\"hidden\" name=\"form_id\" value=\"120\">\n    <input type=\"hidden\" name=\"post_id\" value=\"1864\">\n<\/div>\n\n  \n<\/form>\n\n\n<\/div><\/div>\n<\/section><\/div>\n<\/div>\n<\/div><\/div><\/div>\n<\/section>","protected":false},"excerpt":{"rendered":"<p>Rahvar\u00f5ivad Valmistame tellimisel tervikkomplekti v\u00f5i \u00fcksikesemeid. E-pood Esita p\u00e4ring rahvar\u00f5ivaste tellimiseks Nimi* Perekonnanimi* E-post* Telefoni number* S\u00f5num* Saada<\/p>","protected":false},"author":3,"featured_media":2265,"parent":0,"menu_order":0,"comment_status":"closed","ping_status":"closed","template":"","meta":{"_acf_changed":false,"_breakdance_hide_in_design_set":false,"_breakdance_tags":"","footnotes":""},"class_list":["post-26","page","type-page","status-publish","has-post-thumbnail","hentry"],"acf":[],"_links":{"self":[{"href":"https:\/\/crafts.ee\/en\/wp-json\/wp\/v2\/pages\/26","targetHints":{"allow":["GET"]}}],"collection":[{"href":"https:\/\/crafts.ee\/en\/wp-json\/wp\/v2\/pages"}],"about":[{"href":"https:\/\/crafts.ee\/en\/wp-json\/wp\/v2\/types\/page"}],"author":[{"embeddable":true,"href":"https:\/\/crafts.ee\/en\/wp-json\/wp\/v2\/users\/3"}],"replies":[{"embeddable":true,"href":"https:\/\/crafts.ee\/en\/wp-json\/wp\/v2\/comments?post=26"}],"version-history":[{"count":33,"href":"https:\/\/crafts.ee\/en\/wp-json\/wp\/v2\/pages\/26\/revisions"}],"predecessor-version":[{"id":2953,"href":"https:\/\/crafts.ee\/en\/wp-json\/wp\/v2\/pages\/26\/revisions\/2953"}],"wp:featuredmedia":[{"embeddable":true,"href":"https:\/\/crafts.ee\/en\/wp-json\/wp\/v2\/media\/2265"}],"wp:attachment":[{"href":"https:\/\/crafts.ee\/en\/wp-json\/wp\/v2\/media?parent=26"}],"curies":[{"name":"wp","href":"https:\/\/api.w.org\/{rel}","templated":true}]}}