{"id":255,"date":"2025-02-21T07:44:02","date_gmt":"2025-02-21T07:44:02","guid":{"rendered":"https:\/\/crafts.ee\/?page_id=255"},"modified":"2025-02-21T07:45:26","modified_gmt":"2025-02-21T07:45:26","slug":"product","status":"publish","type":"page","link":"https:\/\/crafts.ee\/en\/toode\/","title":{"rendered":"Toode"},"content":{"rendered":"<section class=\"bde-section-255-100 bde-section\">\n  \n  \n\t\n\n\n\n<div class=\"section-container\"><div class=\"bde-columns-255-101 bde-columns\"><div class=\"bde-column-255-102 bde-column\">\n  \n  \n\t\n\n\n\n<div class=\"bde-productbuilder-255-103 bde-productbuilder breakdance-woocommerce\">\n<\/div>\n<\/div><\/div><\/div>\n<\/section><section class=\"bde-section-255-139 bde-section\">\n  \n  \n\t\n\n\n\n<div class=\"section-container\"><div class=\"bde-div-255-140 bde-div\">\n  \n  \n\t\n\n\n\n<h2 class=\"bde-heading-255-141 bde-heading\">\nWe Found Other Products You Might Like!\n<\/h2><div class=\"bde-code-block-255-142 bde-code-block\">\n\n\n\n<\/div><div class=\"bde-columns-255-143 bde-columns\"><div class=\"bde-column-255-144 bde-column\">\n  \n  \n\t\n\n\n\n<div class=\"bde-wooproductslist-255-145 bde-wooproductslist ba-woo-product2 breakdance-woocommerce\"><div class=\"woocommerce\"><ul class=\"products\">\n<\/ul>\n<\/div>\r\n<\/div><div class=\"bde-code-block-255-146 bde-code-block\">\n\n\n\n<\/div>\n<\/div><\/div>\n<\/div><\/div>\n<\/section>","protected":false},"excerpt":{"rendered":"<p>Privaatsuspoliitika Isikuandmete kaitse on meie jaoks v\u00e4ga oluline ning suhtume sellesse t\u00e4ie t\u00f5sidusega. K\u00e4esolevast privaatsuspoliitikast, mille p\u00f5him\u00f5tteid Koduk\u00e4sit\u00f6\u00f6 j\u00e4rgib, leiate detailset informatsiooni selle kohta, milliseid isikuandmeid Koduk\u00e4sit\u00f6\u00f6 veebileht teie kohta kogub, milleks neid kasutame ja kellel neile ligip\u00e4\u00e4s on. Palun leidke aega, et k\u00e4esolevat privaatsuspoliitikat lugeda ning kontakteeruge Koduk\u00e4sit\u00f6\u00f6ga, kui teil on sellega seoses k\u00fcsimusi [&hellip;]<\/p>\n","protected":false},"author":2,"featured_media":0,"parent":0,"menu_order":0,"comment_status":"closed","ping_status":"closed","template":"","meta":{"_acf_changed":false,"_breakdance_hide_in_design_set":false,"_breakdance_tags":"","footnotes":""},"class_list":["post-255","page","type-page","status-publish","hentry"],"acf":[],"_links":{"self":[{"href":"https:\/\/crafts.ee\/en\/wp-json\/wp\/v2\/pages\/255","targetHints":{"allow":["GET"]}}],"collection":[{"href":"https:\/\/crafts.ee\/en\/wp-json\/wp\/v2\/pages"}],"about":[{"href":"https:\/\/crafts.ee\/en\/wp-json\/wp\/v2\/types\/page"}],"author":[{"embeddable":true,"href":"https:\/\/crafts.ee\/en\/wp-json\/wp\/v2\/users\/2"}],"replies":[{"embeddable":true,"href":"https:\/\/crafts.ee\/en\/wp-json\/wp\/v2\/comments?post=255"}],"version-history":[{"count":3,"href":"https:\/\/crafts.ee\/en\/wp-json\/wp\/v2\/pages\/255\/revisions"}],"predecessor-version":[{"id":258,"href":"https:\/\/crafts.ee\/en\/wp-json\/wp\/v2\/pages\/255\/revisions\/258"}],"wp:attachment":[{"href":"https:\/\/crafts.ee\/en\/wp-json\/wp\/v2\/media?parent=255"}],"curies":[{"name":"wp","href":"https:\/\/api.w.org\/{rel}","templated":true}]}}