{"id":24,"date":"2025-02-18T08:15:27","date_gmt":"2025-02-18T08:15:27","guid":{"rendered":"https:\/\/crafts.ee\/?page_id=24"},"modified":"2026-04-01T22:29:58","modified_gmt":"2026-04-01T19:29:58","slug":"shops","status":"publish","type":"page","link":"https:\/\/crafts.ee\/en\/kauplused\/","title":{"rendered":"Shops"},"content":{"rendered":"<div class=\"bde-globalblock-24-183 bde-globalblock\"><style>.breakdance .bde-section-1494-100-1494-1{background-image:url(https:\/\/crafts.ee\/wp-content\/uploads\/2025\/09\/kampsunid-reas.jpg)}.breakdance .bde-section-1494-100-1494-1>.section-background-overlay{background-color:#00000040;transition:background-color var(--bde-transition-duration) ease-in-out}<\/style><section class=\"bde-section-1494-100-1494-1 bde-section bde-section-1494-100\">\n              \n  \n  \n\t\n\n  <div class=\"section-background-overlay\"><\/div>\n\n\n<div class=\"section-container\"><h1 class=\"bde-heading-1494-101-1494-1 bde-heading bde-heading-1494-101\">\nShops\n<\/h1><\/div>\n<\/section><\/div><section class=\"bde-section-24-145 bde-section\">\n  \n  \n\t\n\n\n\n<div class=\"section-container\"><div class=\"bde-div-24-146 bde-div\">\n  \n  \n\t\n\n\n\n<div class=\"bde-columns-24-147 bde-columns\"><div class=\"bde-column-24-148 bde-column\">\n  \n  \n\t\n\n\n\n<div class=\"bde-gallery-24-168 bde-gallery\">\n\n\n  \n\n\n\n\n\n\n\n  \n\n  <div class=\"ee-gallery-swiper breakdance-swiper-wrapper\" data-swiper-id=\"168\">\n    <div class=\"swiper\">\n\n<div class=\"ee-gallery ee-gallery--gallery-slider ee-gallery--slider ee-gallery--single ee-gallery--lightbox ee-gallery-- ee-gallery--caption- ee-gallery--caption-none ee-gallery--ratio swiper-wrapper\">\n                  \n      <a class=\"ee-gallery-item ee-gallery-item--image ee-gallery-item--single swiper-slide\" href=\"https:\/\/crafts.ee\/wp-content\/uploads\/2025\/10\/kaarmann.jpg\"  data-sub-html=\"<span><\/span>\" data-category=\"1\"                  data-lg-size=\"1536-2048\"\n\n      >\n        <figure class=\"ee-gallery-item-figure\">\n                        <img loading=\"lazy\" decoding=\"async\" class=\"breakdance-image-object\" src=\"https:\/\/crafts.ee\/wp-content\/uploads\/2025\/10\/kaarmann.jpg\" width=\"1536\" height=\"2048\" srcset=\"https:\/\/crafts.ee\/wp-content\/uploads\/2025\/10\/kaarmann.jpg 1536w, https:\/\/crafts.ee\/wp-content\/uploads\/2025\/10\/kaarmann-225x300.jpg 225w, https:\/\/crafts.ee\/wp-content\/uploads\/2025\/10\/kaarmann-768x1024.jpg 768w, https:\/\/crafts.ee\/wp-content\/uploads\/2025\/10\/kaarmann-1152x1536.jpg 1152w, https:\/\/crafts.ee\/wp-content\/uploads\/2025\/10\/kaarmann-9x12.jpg 9w, https:\/\/crafts.ee\/wp-content\/uploads\/2025\/10\/kaarmann-600x800.jpg 600w, https:\/\/crafts.ee\/wp-content\/uploads\/2025\/10\/kaarmann-64x85.jpg 64w\" sizes=\"auto, (max-width: 1536px) 100vw, 1536px\">\n          \n                  <\/figure>\n      <\/a>\n\n                \n      <a class=\"ee-gallery-item ee-gallery-item--image ee-gallery-item--single swiper-slide\" href=\"https:\/\/crafts.ee\/wp-content\/uploads\/2025\/04\/Kasitoopoed_korgresolutsioon_Photographer-Lisette-Laanoja-152.jpg\"  data-sub-html=\"<span><\/span>\" data-category=\"1\"                  data-lg-size=\"2560-1707\"\n\n      >\n        <figure class=\"ee-gallery-item-figure\">\n                        <img loading=\"lazy\" decoding=\"async\" class=\"breakdance-image-object\" src=\"https:\/\/crafts.ee\/wp-content\/uploads\/2025\/04\/Kasitoopoed_korgresolutsioon_Photographer-Lisette-Laanoja-152.jpg\" width=\"2560\" height=\"1707\" srcset=\"https:\/\/crafts.ee\/wp-content\/uploads\/2025\/04\/Kasitoopoed_korgresolutsioon_Photographer-Lisette-Laanoja-152.jpg 2560w, https:\/\/crafts.ee\/wp-content\/uploads\/2025\/04\/Kasitoopoed_korgresolutsioon_Photographer-Lisette-Laanoja-152-64x43.jpg 64w, https:\/\/crafts.ee\/wp-content\/uploads\/2025\/04\/Kasitoopoed_korgresolutsioon_Photographer-Lisette-Laanoja-152-300x200.jpg 300w, https:\/\/crafts.ee\/wp-content\/uploads\/2025\/04\/Kasitoopoed_korgresolutsioon_Photographer-Lisette-Laanoja-152-1024x683.jpg 1024w, https:\/\/crafts.ee\/wp-content\/uploads\/2025\/04\/Kasitoopoed_korgresolutsioon_Photographer-Lisette-Laanoja-152-768x512.jpg 768w, https:\/\/crafts.ee\/wp-content\/uploads\/2025\/04\/Kasitoopoed_korgresolutsioon_Photographer-Lisette-Laanoja-152-1536x1024.jpg 1536w, https:\/\/crafts.ee\/wp-content\/uploads\/2025\/04\/Kasitoopoed_korgresolutsioon_Photographer-Lisette-Laanoja-152-2048x1366.jpg 2048w, https:\/\/crafts.ee\/wp-content\/uploads\/2025\/04\/Kasitoopoed_korgresolutsioon_Photographer-Lisette-Laanoja-152-18x12.jpg 18w, https:\/\/crafts.ee\/wp-content\/uploads\/2025\/04\/Kasitoopoed_korgresolutsioon_Photographer-Lisette-Laanoja-152-600x400.jpg 600w\" sizes=\"auto, (max-width: 2560px) 100vw, 2560px\">\n          \n                  <\/figure>\n      <\/a>\n\n                \n      <a class=\"ee-gallery-item ee-gallery-item--image ee-gallery-item--single swiper-slide\" href=\"https:\/\/crafts.ee\/wp-content\/uploads\/2025\/04\/Kasitoopoed_korgresolutsioon_Photographer-Lisette-Laanoja-155.jpg\"  data-sub-html=\"<span><\/span>\" data-category=\"1\"                  data-lg-size=\"2560-1707\"\n\n      >\n        <figure class=\"ee-gallery-item-figure\">\n                        <img loading=\"lazy\" decoding=\"async\" class=\"breakdance-image-object\" src=\"https:\/\/crafts.ee\/wp-content\/uploads\/2025\/04\/Kasitoopoed_korgresolutsioon_Photographer-Lisette-Laanoja-155.jpg\" width=\"2560\" height=\"1707\" srcset=\"https:\/\/crafts.ee\/wp-content\/uploads\/2025\/04\/Kasitoopoed_korgresolutsioon_Photographer-Lisette-Laanoja-155.jpg 2560w, https:\/\/crafts.ee\/wp-content\/uploads\/2025\/04\/Kasitoopoed_korgresolutsioon_Photographer-Lisette-Laanoja-155-64x43.jpg 64w, https:\/\/crafts.ee\/wp-content\/uploads\/2025\/04\/Kasitoopoed_korgresolutsioon_Photographer-Lisette-Laanoja-155-300x200.jpg 300w, https:\/\/crafts.ee\/wp-content\/uploads\/2025\/04\/Kasitoopoed_korgresolutsioon_Photographer-Lisette-Laanoja-155-1024x683.jpg 1024w, https:\/\/crafts.ee\/wp-content\/uploads\/2025\/04\/Kasitoopoed_korgresolutsioon_Photographer-Lisette-Laanoja-155-768x512.jpg 768w, https:\/\/crafts.ee\/wp-content\/uploads\/2025\/04\/Kasitoopoed_korgresolutsioon_Photographer-Lisette-Laanoja-155-1536x1024.jpg 1536w, https:\/\/crafts.ee\/wp-content\/uploads\/2025\/04\/Kasitoopoed_korgresolutsioon_Photographer-Lisette-Laanoja-155-2048x1366.jpg 2048w, https:\/\/crafts.ee\/wp-content\/uploads\/2025\/04\/Kasitoopoed_korgresolutsioon_Photographer-Lisette-Laanoja-155-18x12.jpg 18w, https:\/\/crafts.ee\/wp-content\/uploads\/2025\/04\/Kasitoopoed_korgresolutsioon_Photographer-Lisette-Laanoja-155-600x400.jpg 600w\" sizes=\"auto, (max-width: 2560px) 100vw, 2560px\">\n          \n                  <\/figure>\n      <\/a>\n\n      \n  <\/div>\n\n    <\/div>\n                <div class=\"swiper-button-prev\">\n            \n        <\/div>\n        <div class=\"swiper-button-next\">\n            \n        <\/div>\n    \n            <div class=\"swiper-pagination\"><\/div>\n    \n  <\/div>\n\n\n<\/div><h2 class=\"bde-heading-24-149 bde-heading\">\nKaarmanni Handicraft\n<\/h2><div class=\"bde-div-24-178 bde-div\">\n  \n  \n\t\n\n\n\n<div class=\"bde-rich-text-24-150 bde-rich-text breakdance-rich-text-styles\">\n<p>Vanaturu kael 8, Tallinn<\/p><p>Tel <a href=\"tel:+372 6448873\">+372 6448873<\/a><\/p><p><a href=\"https:\/\/crafts.ee\/en\/e-shop\/\">Handicraft goods for sale<\/a><\/p><p><a href=\"https:\/\/folkart.ee\/paikkondade-kasitoo\/\" target=\"_blank\" rel=\"noopener\">Presentation of regional handicraft<\/a><\/p><p><a href=\"https:\/\/folkart.ee\/ettevotlus\/tunnustatud-eesti-kasitoo\/\" target=\"_blank\" rel=\"noopener\">Presentation of the Estonian Handicraft labels<br>\nCertified Estonian Artisanal Craft<\/a><\/p><p><a href=\"https:\/\/folkart.ee\/ettevotlus\/mark-oma\/\" target=\"_blank\" rel=\"noopener\">label OMA (OWN)<\/a><\/p><p><a href=\"https:\/\/folkart.ee\/aknanaitused-2026\/\" target=\"_blank\" rel=\"noopener\">Window exhibitions<\/a><\/p><p><br \/>We are open:<br \/>E - L 11:00 - 19:00<br \/>P 11:00 - 18:00\u00a0<\/p><p>\u00a0<\/p><p>\u00a0<\/p><p>\u00a0<\/p><p>\u00a0<\/p>\n<\/div>\n<\/div><div class=\"bde-div-24-174 bde-div\">\n  \n  \n\t\n\n\n\n<div class=\"bde-icon-box-24-182 bde-icon-box\">\n\n    \n            <div class=\"ee-iconbox-icon breakdance-icon-atom\" >\n    \n                    <svg xmlns=\"http:\/\/www.w3.org\/2000\/svg\" width=\"24\" height=\"24\" viewbox=\"0 0 24 24\" fill-rule=\"evenodd\" clip-rule=\"evenodd\"><path d=\"M12.02 0c6.614.011 11.98 5.383 11.98 12 0 6.623-5.376 12-12 12-6.623 0-12-5.377-12-12 0-6.617 5.367-11.989 11.981-12h.039zm3.694 16h-7.427c.639 4.266 2.242 7 3.713 7 1.472 0 3.075-2.734 3.714-7m6.535 0h-5.523c-.426 2.985-1.321 5.402-2.485 6.771 3.669-.76 6.671-3.35 8.008-6.771m-14.974 0h-5.524c1.338 3.421 4.34 6.011 8.009 6.771-1.164-1.369-2.059-3.786-2.485-6.771m-.123-7h-5.736c-.331 1.166-.741 3.389 0 6h5.736c-.188-1.814-.215-3.925 0-6m8.691 0h-7.685c-.195 1.8-.225 3.927 0 6h7.685c.196-1.811.224-3.93 0-6m6.742 0h-5.736c.062.592.308 3.019 0 6h5.736c.741-2.612.331-4.835 0-6m-12.825-7.771c-3.669.76-6.671 3.35-8.009 6.771h5.524c.426-2.985 1.321-5.403 2.485-6.771m5.954 6.771c-.639-4.266-2.242-7-3.714-7-1.471 0-3.074 2.734-3.713 7h7.427zm-1.473-6.771c1.164 1.368 2.059 3.786 2.485 6.771h5.523c-1.337-3.421-4.339-6.011-8.008-6.771\"\/><\/svg>\n        \n        \n        \n            <\/div>\n    \n\n<div class=\"ee-iconbox-content\">\n        <div class=\"ee-iconbox-text\" >Vanaturu kael 8, Tallinn<\/div>\n            \n                        \n                        \n    \n    \n    \n    \n            \n                    \n            \n            \n\n    \n    \n    \n    \n    \n    <a class=\"breakdance-link button-atom button-atom--custom ee-iconbox-button\" href=\"https:\/\/maps.app.goo.gl\/kBKUsd3zt9rNUfuX7\" target=\"_blank\" data-type=\"url\" rel=\"noopener\">\n\n    \n        <span class=\"button-atom__text\">Come visit us<\/span>\n\n        \n        \n                <\/a>\n\n    \n\n  <\/div>\n\n<\/div><div class=\"bde-code-block-24-175 bde-code-block\">\n\n  <iframe src=\"https:\/\/www.google.com\/maps\/embed?pb=!1m18!1m12!1m3!1d16232.965933865842!2d24.72784379273428!3d59.43106077845887!2m3!1f0!2f0!3f0!3m2!1i1024!2i768!4f13.1!3m3!1m2!1s0x46929362107cf07f%3A0x6d9af2bd8b96917!2sVanaturu%20kael%208%2C%2010140%20Tallinn!5e0!3m2!1sen!2see!4v1740042598309!5m2!1sen!2see\" \n    style=\"width: 500px; height: 350px; border: 0; border-radius: 10px; display: block; overflow: hidden; margin: 0 auto;\" \n    allowfullscreen=\"\" \n    loading=\"lazy\" \n    referrerpolicy=\"no-referrer-when-downgrade\">\n<\/iframe>\n\n\n\n<\/div>\n<\/div>\n<\/div><div class=\"bde-column-24-152 bde-column\">\n  \n  \n\t\n\n\n\n<div class=\"bde-gallery-24-153 bde-gallery\">\n\n\n  \n\n\n\n\n\n\n\n  \n\n  <div class=\"ee-gallery-swiper breakdance-swiper-wrapper\" data-swiper-id=\"153\">\n    <div class=\"swiper\">\n\n<div class=\"ee-gallery ee-gallery--gallery-slider ee-gallery--slider ee-gallery--single ee-gallery--lightbox ee-gallery-- ee-gallery--caption- ee-gallery--caption-none ee-gallery--ratio swiper-wrapper\">\n                  \n      <a class=\"ee-gallery-item ee-gallery-item--image ee-gallery-item--single swiper-slide\" href=\"https:\/\/crafts.ee\/wp-content\/uploads\/2025\/04\/20250905_162236.jpg\" span><\/span>\" data-category=\"1\"                  data-lg-size=\"2560-1920\"\n\n      >\n        <figure class=\"ee-gallery-item-figure\">\n                        <img loading=\"lazy\" decoding=\"async\" class=\"breakdance-image-object\" src=\"https:\/\/crafts.ee\/wp-content\/uploads\/2025\/04\/20250905_162236.jpg\" width=\"2560\" height=\"1920\" srcset=\"https:\/\/crafts.ee\/wp-content\/uploads\/2025\/04\/20250905_162236.jpg 2560w, https:\/\/crafts.ee\/wp-content\/uploads\/2025\/04\/20250905_162236-300x225.jpg 300w, https:\/\/crafts.ee\/wp-content\/uploads\/2025\/04\/20250905_162236-1024x768.jpg 1024w, https:\/\/crafts.ee\/wp-content\/uploads\/2025\/04\/20250905_162236-768x576.jpg 768w, https:\/\/crafts.ee\/wp-content\/uploads\/2025\/04\/20250905_162236-1536x1152.jpg 1536w, https:\/\/crafts.ee\/wp-content\/uploads\/2025\/04\/20250905_162236-2048x1536.jpg 2048w, https:\/\/crafts.ee\/wp-content\/uploads\/2025\/04\/20250905_162236-16x12.jpg 16w, https:\/\/crafts.ee\/wp-content\/uploads\/2025\/04\/20250905_162236-600x450.jpg 600w, https:\/\/crafts.ee\/wp-content\/uploads\/2025\/04\/20250905_162236-64x48.jpg 64w\" sizes=\"auto, (max-width: 2560px) 100vw, 2560px\">\n          \n                  <\/figure>\n      <\/a>\n\n                \n      <a class=\"ee-gallery-item ee-gallery-item--image ee-gallery-item--single swiper-slide\" href=\"https:\/\/crafts.ee\/wp-content\/uploads\/2025\/04\/20250905_162443.jpg\" span><\/span>\" data-category=\"1\"                  data-lg-size=\"1915-2560\"\n\n      >\n        <figure class=\"ee-gallery-item-figure\">\n                        <img loading=\"lazy\" decoding=\"async\" class=\"breakdance-image-object\" src=\"https:\/\/crafts.ee\/wp-content\/uploads\/2025\/04\/20250905_162443.jpg\" width=\"1915\" height=\"2560\" srcset=\"https:\/\/crafts.ee\/wp-content\/uploads\/2025\/04\/20250905_162443.jpg 1915w, https:\/\/crafts.ee\/wp-content\/uploads\/2025\/04\/20250905_162443-224x300.jpg 224w, https:\/\/crafts.ee\/wp-content\/uploads\/2025\/04\/20250905_162443-766x1024.jpg 766w, https:\/\/crafts.ee\/wp-content\/uploads\/2025\/04\/20250905_162443-768x1027.jpg 768w, https:\/\/crafts.ee\/wp-content\/uploads\/2025\/04\/20250905_162443-1149x1536.jpg 1149w, https:\/\/crafts.ee\/wp-content\/uploads\/2025\/04\/20250905_162443-1532x2048.jpg 1532w, https:\/\/crafts.ee\/wp-content\/uploads\/2025\/04\/20250905_162443-9x12.jpg 9w, https:\/\/crafts.ee\/wp-content\/uploads\/2025\/04\/20250905_162443-600x802.jpg 600w, https:\/\/crafts.ee\/wp-content\/uploads\/2025\/04\/20250905_162443-64x86.jpg 64w\" sizes=\"auto, (max-width: 1915px) 100vw, 1915px\">\n          \n                  <\/figure>\n      <\/a>\n\n      \n  <\/div>\n\n    <\/div>\n                <div class=\"swiper-button-prev\">\n            \n        <\/div>\n        <div class=\"swiper-button-next\">\n            \n        <\/div>\n    \n            <div class=\"swiper-pagination\"><\/div>\n    \n  <\/div>\n\n\n<\/div><h2 class=\"bde-heading-24-169 bde-heading\">\nEstonian Handicraft House\n<\/h2><div class=\"bde-div-24-179 bde-div\">\n  \n  \n\t\n\n\n\n<div class=\"bde-rich-text-24-170 bde-rich-text breakdance-rich-text-styles\">\n<p>Pikk 22, Tallinn<\/p><p>Tel <a href=\"tel:+372 6314076\">+372 6314076<\/a><\/p><p><a href=\"https:\/\/crafts.ee\/en\/e-shop\/\">Handicraft goods for sale<\/a><\/p><p><a href=\"https:\/\/folkart.ee\/naitused-2025\/\" target=\"_blank\" rel=\"noopener\">Folk Art Gallery<\/a><\/p><p><a href=\"https:\/\/www.kangotextile.com\/et\/\" target=\"_blank\" rel=\"noopener\">Kango Textile<\/a><\/p><p>\u00a0<\/p><p><br \/><br \/>We are open:<br \/>E - L 10:00 - 18:00<br \/>P\u00a0 - 10:00 - 17:00<\/p><p>\u00a0<\/p><p>\u00a0<\/p><p>\u00a0<\/p><p>\u00a0<\/p>\n<\/div>\n<\/div><div class=\"bde-div-24-176 bde-div\">\n  \n  \n\t\n\n\n\n<div class=\"bde-icon-box-24-181 bde-icon-box\">\n\n    \n            <div class=\"ee-iconbox-icon breakdance-icon-atom\" >\n    \n                    <svg xmlns=\"http:\/\/www.w3.org\/2000\/svg\" width=\"24\" height=\"24\" viewbox=\"0 0 24 24\" fill-rule=\"evenodd\" clip-rule=\"evenodd\"><path d=\"M12.02 0c6.614.011 11.98 5.383 11.98 12 0 6.623-5.376 12-12 12-6.623 0-12-5.377-12-12 0-6.617 5.367-11.989 11.981-12h.039zm3.694 16h-7.427c.639 4.266 2.242 7 3.713 7 1.472 0 3.075-2.734 3.714-7m6.535 0h-5.523c-.426 2.985-1.321 5.402-2.485 6.771 3.669-.76 6.671-3.35 8.008-6.771m-14.974 0h-5.524c1.338 3.421 4.34 6.011 8.009 6.771-1.164-1.369-2.059-3.786-2.485-6.771m-.123-7h-5.736c-.331 1.166-.741 3.389 0 6h5.736c-.188-1.814-.215-3.925 0-6m8.691 0h-7.685c-.195 1.8-.225 3.927 0 6h7.685c.196-1.811.224-3.93 0-6m6.742 0h-5.736c.062.592.308 3.019 0 6h5.736c.741-2.612.331-4.835 0-6m-12.825-7.771c-3.669.76-6.671 3.35-8.009 6.771h5.524c.426-2.985 1.321-5.403 2.485-6.771m5.954 6.771c-.639-4.266-2.242-7-3.714-7-1.471 0-3.074 2.734-3.713 7h7.427zm-1.473-6.771c1.164 1.368 2.059 3.786 2.485 6.771h5.523c-1.337-3.421-4.339-6.011-8.008-6.771\"\/><\/svg>\n        \n        \n        \n            <\/div>\n    \n\n<div class=\"ee-iconbox-content\">\n        <div class=\"ee-iconbox-text\" >Pikk 22, Tallinn<\/div>\n            \n                        \n                        \n    \n    \n    \n    \n            \n                    \n            \n            \n\n    \n    \n    \n    \n    \n    <a class=\"breakdance-link button-atom button-atom--custom ee-iconbox-button\" href=\"https:\/\/maps.app.goo.gl\/N5hWj8zkKt4VumGj7\" target=\"_blank\" data-type=\"url\" rel=\"noopener\">\n\n    \n        <span class=\"button-atom__text\">Come visit us<\/span>\n\n        \n        \n                <\/a>\n\n    \n\n  <\/div>\n\n<\/div><div class=\"bde-code-block-24-177 bde-code-block\">\n\n  <iframe src=\"https:\/\/www.google.com\/maps\/embed?pb=!1m18!1m12!1m3!1d16233.369912330527!2d24.71400898824934!3d59.43021855474435!2m3!1f0!2f0!3f0!3m2!1i1024!2i768!4f13.1!3m3!1m2!1s0x46929362351437a7%3A0xb76144078815b97!2sPikk%20tn%2022%2C%2010133%20Tallinn!5e0!3m2!1sen!2see!4v1740043288110!5m2!1sen!2see\" \n    width=\"500\" \n    height=\"350\" \n    style=\"border:0; border-radius:10px; overflow:hidden;\" \n    allowfullscreen=\"\" \n    loading=\"lazy\" \n    referrerpolicy=\"no-referrer-when-downgrade\">\n<\/iframe>\n\n\n\n<\/div>\n<\/div>\n<\/div><\/div>\n<\/div><\/div>\n<\/section>","protected":false},"excerpt":{"rendered":"<p>Kauplused &#8221; data-category=&#8221;1&#8243; data-lg-size=&#8221;1536-2048&#8243; > &#8221; data-category=&#8221;1&#8243; data-lg-size=&#8221;2560-1707&#8243; > &#8221; data-category=&#8221;1&#8243; data-lg-size=&#8221;2560-1707&#8243; > Kaarmanni K\u00e4sit\u00f6\u00f6 Vanaturu kael 8, TallinnTel +372 6448873Rahvusliku k\u00e4sit\u00f6\u00f6 m\u00fc\u00fckPaikkondade k\u00e4sit\u00f6\u00f6 esitlusTunnustatud Eesti K\u00e4sit\u00f6\u00f6 m\u00e4rgi tutvustamineM\u00e4rk OMAAknan\u00e4itusedOleme avatud:E &#8211; L 11:00 \u2013 19:00P 11:00 \u2013 18:00\u00a0\u00a0\u00a0\u00a0\u00a0 Vanaturu kael 8, Tallinn Tule kohale &#8221; data-category=&#8221;1&#8243; data-lg-size=&#8221;2560-1920&#8243; > &#8221; data-category=&#8221;1&#8243; data-lg-size=&#8221;1915-2560&#8243; > Eesti K\u00e4sit\u00f6\u00f6 [&hellip;]<\/p>\n","protected":false},"author":3,"featured_media":2262,"parent":0,"menu_order":0,"comment_status":"closed","ping_status":"closed","template":"","meta":{"_acf_changed":false,"_breakdance_hide_in_design_set":false,"_breakdance_tags":"","footnotes":""},"class_list":["post-24","page","type-page","status-publish","has-post-thumbnail","hentry"],"acf":[],"_links":{"self":[{"href":"https:\/\/crafts.ee\/en\/wp-json\/wp\/v2\/pages\/24","targetHints":{"allow":["GET"]}}],"collection":[{"href":"https:\/\/crafts.ee\/en\/wp-json\/wp\/v2\/pages"}],"about":[{"href":"https:\/\/crafts.ee\/en\/wp-json\/wp\/v2\/types\/page"}],"author":[{"embeddable":true,"href":"https:\/\/crafts.ee\/en\/wp-json\/wp\/v2\/users\/3"}],"replies":[{"embeddable":true,"href":"https:\/\/crafts.ee\/en\/wp-json\/wp\/v2\/comments?post=24"}],"version-history":[{"count":90,"href":"https:\/\/crafts.ee\/en\/wp-json\/wp\/v2\/pages\/24\/revisions"}],"predecessor-version":[{"id":3264,"href":"https:\/\/crafts.ee\/en\/wp-json\/wp\/v2\/pages\/24\/revisions\/3264"}],"wp:featuredmedia":[{"embeddable":true,"href":"https:\/\/crafts.ee\/en\/wp-json\/wp\/v2\/media\/2262"}],"wp:attachment":[{"href":"https:\/\/crafts.ee\/en\/wp-json\/wp\/v2\/media?parent=24"}],"curies":[{"name":"wp","href":"https:\/\/api.w.org\/{rel}","templated":true}]}}