{"id":20,"date":"2025-02-18T08:11:26","date_gmt":"2025-02-18T08:11:26","guid":{"rendered":"https:\/\/crafts.ee\/?page_id=20"},"modified":"2025-11-12T13:45:46","modified_gmt":"2025-11-12T11:45:46","slug":"muugi-ja-tarnetingimused","status":"publish","type":"page","link":"https:\/\/crafts.ee\/en\/muugi-ja-tarnetingimused\/","title":{"rendered":"Terms and conditions of sale and delivery"},"content":{"rendered":"<section class=\"bde-section-20-100 bde-section\">\n  \n  \n\t\n\n\n\n<div class=\"section-container\"><div class=\"bde-rich-text-20-101 bde-rich-text breakdance-rich-text-styles\">\n<div class=\"wp-block-themeisle-blocks-advanced-columns-overlay\">Veebipoe Crafts.ee (edaspidi Veebipood) omanik on Koduk\u00e4sit\u00f6\u00f6 O\u00dc (registrikood 10117453), asukohaga Pikk 22, Tallinn, Eesti.<\/div>\n<div class=\"innerblocks-wrap\">\n<div id=\"wp-block-themeisle-blocks-advanced-column-d5ba293d\" class=\"wp-block-themeisle-blocks-advanced-column\">\n<h2>M\u00dc\u00dcGITINGIMUSED JA TARNEINFO<\/h2>\n<p><strong>M\u00fc\u00fcgilepingu kehtivus, kauba- ja hinnainfo<\/strong><\/p>\n<p>M\u00fc\u00fcgitingimused kehtivad Veebipoest kaupade ostmisel.<br \/>Veebipoes m\u00fc\u00fcdavate toodete hinnad on m\u00e4rgitud toodete juurde. Hinnale lisandub tasu kauba k\u00e4ttetoimetamise eest.<br \/>Kauba k\u00e4ttetoimetamise tasu s\u00f5ltub ostja asukohast ning k\u00e4ttetoimetamise viisist.<br \/>K\u00e4ttetoimetamise tasu kuvatakse ostjale tellimuse vormistamisel.<br \/>Teave kauba kohta on esitatud Veebipoes vahetult kauba juures.<\/p>\n<p><strong>Tellimuse vormistamine<\/strong><\/p>\n<p>Koduk\u00e4sit\u00f6\u00f6 tooteid saab soetada l\u00e4bi\u00a0<a href=\"https:\/\/crafts.ee\/en\/?post_type=product\">e-poe<\/a>\u00a0v\u00f5i k\u00fclastades Koduk\u00e4sit\u00f6\u00f6\u00a0<a href=\"https:\/\/crafts.ee\/en\/?page_id=87\">kauplusi<\/a>.<br \/>E-poest kauba tellimiseks tuleb lisada soovitud tooted ostukorvi. Tellimuse vormistamiseks tuleb t\u00e4ita n\u00f5utud andmev\u00e4ljad ning valida sobiv toodete kohaletoimetamise viis. Seej\u00e4rel kuvatakse ekraanile tasu suurus, mille saab tasuda pangalingi kaudu, arvega v\u00f5i deebetkaardiga.<\/p>\n<p>\u00a0<\/p>\n<p>Kauba eest saab tasuda l\u00e4bi\u00a0<strong>pangalinkide<\/strong>\u00a0(Swedbank,\u00a0SEB,\u00a0Luminor, LHV, Coop Pank, Pocopay) v\u00f5i\u00a0<strong>kasutades pangakaarti<\/strong>\u00a0(Visa ja MasterCard).<\/p>\n<p>Pangalinkide ja pangakaardi makseid vahendab ja pakub Maksekeskus AS. Koduk\u00e4sit\u00f6\u00f6 O\u00dc on isikuandmete vastutav t\u00f6\u00f6tleja, Koduk\u00e4sit\u00f6\u00f6 O\u00dc edastab maksete teostamiseks vajalikud isikuandmed volitatud t\u00f6\u00f6tleja Maksekeskus AS-le.<\/p>\n<p><br \/><img loading=\"lazy\" decoding=\"async\" class=\"wp-image-691\" src=\"https:\/\/crafts.ee\/wp-content\/uploads\/2020\/05\/mk_logo_500x100.png\" sizes=\"auto, (max-width: 400px) 100vw, 400px\" srcset=\"https:\/\/crafts.ee\/wp-content\/uploads\/2020\/05\/mk_logo_500x100.png 500w, https:\/\/crafts.ee\/wp-content\/uploads\/2020\/05\/mk_logo_500x100-300x60.png 300w\" alt=\"\" width=\"400\" height=\"80\" \/><\/p>\n<p>\u00a0<\/p>\n<p>Kauba eest tasutakse eurodes (\u20ac)<\/p>\n<p>Leping j\u00f5ustub alates tasumisele kuuluva summa laekumisest Veebipoe arvelduskontole.<\/p>\n<p>Kui tellitud kaupa ei ole v\u00f5imalik tarnida seoses kauba l\u00f5ppemisega v\u00f5i muul p\u00f5hjusel, teavitatakse sellest ostjat esimesel v\u00f5imalusel ning tagastatakse tasutud raha (sh kauba k\u00e4ttetoimetamise kulud) viivitamata, kuid mitte hiljem kui 14 p\u00e4eva jooksul teate saatmisest.<\/p>\n<p>\u00a0<\/p>\n<p><strong>Kohaletoimetamine<\/strong><\/p>\n<p><strong><br \/><\/strong>Eesti siseselt saadetakse\u00a0<strong>Omniva ja SmartPost pakiautomaatidesse.<\/strong>\u00a0V\u00e4ljaspoole Eestis saadetakse tellimused\u00a0<strong>lihtpakkidena kliendi tarneaadressile<\/strong>.<\/p>\n<p>\u00a0<\/p>\n<p><strong>Tarne hinnad:<\/strong><\/p>\n<ul>\n<li>Tarne Eesti siseselt Omniva pakiautomaati: 5 \u20ac<\/li>\n<li>Tarne Euroopasse: 25 \u20ac<\/li>\n<li>Tarne mujale: 50 \u20ac<\/li>\n<\/ul>\n<p>Kauba saatmiskulud kannab ostja ning vastav hinnainfo on kuvatud ka saatmisviisi juures.<\/p>\n<p>Esitatud tellimused pannakse posti hiljemalt kolme t\u00f6\u00f6p\u00e4eva jooksul peale ostusumma laekumist e-poe arvelduskontole.<\/p>\n<p>Erandlikel juhtumitel on \u00f5igus kaup kohale toimetada kuni 45 kalendrip\u00e4eva jooksul (klienti teavitatakse sellest ja soovi korral kantakse ostusumma kliendi kontole tagasi).<\/p>\n<p>\u00a0<\/p>\n<p><strong>Taganemis\u00f5igus<\/strong><\/p>\n<p>P\u00e4rast tellimuse k\u00e4ttesaamist on ostjal \u00f5igus e-poes s\u00f5lmitud lepingust taganeda 14 p\u00e4eva jooksul.<br \/>Taganemis\u00f5igus ei kohaldu:<\/p>\n<ul>\n<li>kui ostjaks on juriidiline isik;<\/li>\n<li>kui klient on tellinud kauba pakiautomaati, ent pole pakile \u00f5igeaegselt j\u00e4rele l\u00e4inud ning pakk on saadetud tagasi e-poe omanikule (kliendil on v\u00f5imalik kaup tellida uuesti pakiautomaati tasudes paki tagasisaatmisega ja uuesti saatmisega seotud kulud).<\/li>\n<\/ul>\n<p>\u00a0<\/p>\n<p>14-p\u00e4evase tagastamis\u00f5iguse kasutamiseks ei tohi tellitud kaupa kasutada muul viisil kui on vajalik kauba olemuses, omadustes ja toimimises veendumiseks viisil nagu see on lubatud kauba testimiseks f\u00fc\u00fcsilises poes.<br \/>Kui kaupa on kasutatud muuks otstarbeks kui on vajalik kauba olemuses, omadustes ja toimimises veendumiseks v\u00f5i sellel on kasutamise v\u00f5i kulumise m\u00e4rke, on Veebipoel \u00f5igus alandada tagastatavat tasu vastavalt kauba v\u00e4\u00e4rtuse v\u00e4henemisele.<br \/>Kauba tagastamiseks tuleb esitada kauba ostmisest taganemise avaldus, milles peavad olema kirjas kliendi nimi, tellimuse number, tellimuse kuup\u00e4ev ja tagastamise p\u00f5hjus\u00a0ning saata see e-posti aadressile info@crafts.ee hiljemalt 14 p\u00e4eva jooksul kauba k\u00e4ttesaamisest.<\/p>\n<p>\u00a0<\/p>\n<p>Kauba tagastamise kulud kannab ostja, v\u00e4lja arvatud juhul, kui tagastamise p\u00f5hjus seisneb asjaolus, et tagastamisele kuuluv asi ei vasta tellitule (nt vale v\u00f5i defektiga asi).<br \/>Ostja peab kauba tagastama avalduse esitamisele j\u00e4rgneva 14 p\u00e4eva jooksul v\u00f5i esitama t\u00f5endi, et ta on eelnimetatud perioodi jooksul kauba \u00fcle andnud kauba vedajale.<br \/>Veebipood tagastab tagastatava kauba k\u00e4ttesaamisel ostjale viivitamata, kuid mitte hiljem kui 14 p\u00e4eva m\u00f6\u00f6dumisel arvates taganemisavalduse saamisest, k\u00f5ik ostjalt lepingu alusel saadud tasud.<br \/>Veebipood v\u00f5ib keelduda tagasimaksete tegemisest seni, kuni on lepingu esemeks oleva asja tagasi saanud v\u00f5i kuni ostja on esitanud t\u00f5endid, et on asja tagasi saatnud, s\u00f5ltuvalt sellest, kumb toimub varem.<\/p>\n<p>\u00a0<\/p>\n<p>Kui ostja on s\u00f5naselgelt valinud Veebipoe pakutud k\u00f5ige odavamast tavap\u00e4rasest asja k\u00e4ttetoimetamise viisist erineva k\u00e4ttetoimetamise viisi, ei pea Veebipood tarbijale tagastama kulu, mis \u00fcletab tavap\u00e4rase k\u00e4ttetoimetamise viisiga seotud kulu.<br \/>Veebipoel on \u00f5igus taganeda m\u00fc\u00fcgitehingust ning n\u00f5uda ostjalt tagasi kaup, kui kauba hind veebipoes on eksituse t\u00f5ttu m\u00e4rgitud oluliselt alla kauba turuhinna.<\/p>\n<p>\u00a0<\/p>\n<p><strong>Pretensiooni esitamise \u00f5igus<\/strong><\/p>\n<p><strong><br \/><\/strong>Veebipood vastutab ostjale m\u00fc\u00fcdud kauba lepingutingimustele mittevastavuse v\u00f5i puuduse eest, mis oli olemas juba asja \u00fcleandmise hetkel ning mis ilmneb kuni kahe aasta jooksul, alates kauba \u00fcleandmisest ostjale. ellest esimese kuue kuu jooksul asja \u00fcleandmisest ostjale eeldatakse, et puudus oli olemas juba asja \u00fcleandmise ajal. Vastava eelduse \u00fcmberl\u00fckkamine on Veebipoe kohustus.<\/p>\n<p>\u00a0<\/p>\n<p>Ostjal on \u00f5igus puuduse ilmnemisel p\u00f6\u00f6rduda hiljemalt kahe kuu jooksul veebipoe poole, saates e-kirja aadressile info@crafts.ee.<br \/>Veebipood ei vastuta puuduste eest, mis on tekkinud p\u00e4rast kauba \u00fcleandmist ostjale.<\/p>\n<p>\u00a0<\/p>\n<p>Kui Veebipoest ostetud kaubal on puudused, mille eest Veebipood vastutab, parandab v\u00f5i asendab Veebipood puudusega kauba. Kui kaupa ei ole v\u00f5imalik parandada ega asendada, tagastab Veebipood ostjale k\u00f5ik m\u00fc\u00fcgilepinguga kaasnenud tasud.<br \/>Veebipood vastab tarbija esitatud kaebusele kirjalikult v\u00f5i kirjalikku taasesitamist v\u00f5imaldavas vormis 15 p\u00e4eva jooksul.<\/p>\n<p>\u00a0<\/p>\n<p><strong>Dispute resolution<\/strong><\/p>\n<p>Kui ostjal on Veebipoe osas pretensioone, tuleb need saata e-kirja aadressile info@crafts.ee.<\/p>\n<p>\u00a0<\/p>\n<p>Kui ostja ja Veebipood ei suuda lahenda vaidlust kokkuleppe teel, siis on ostjal v\u00f5imalik p\u00f6\u00f6rduda Tarbijavaidluste komisjoni poole. Menetlustingimustega saab tutvuda ning avaldust esitada\u00a0<a href=\"https:\/\/www.tarbijakaitseamet.ee\/et\/tarbijavaidluste-komisjon\" target=\"_blank\" rel=\"noopener\">siin<\/a>. Tarbijavaidluste komisjoni p\u00e4devuses on lahendada ostja ja Veebipoe vahel s\u00f5lmitud lepingust tulenevaid vaidlusi. Ostja kaebuse l\u00e4bivaatamine komisjonis on tasuta.<br \/>Ostja v\u00f5ib p\u00f6\u00f6rduda Euroopa Liidu tarbijavaidlusi lahendava platvormi\u00a0<a href=\"https:\/\/ec.europa.eu\/consumers\/odr\/main\/index.cfm?event=main.home.chooseLanguage\" target=\"_blank\" rel=\"noopener\">poole<\/a>.<\/p>\n<\/div>\n<\/div>\n<\/div><\/div>\n<\/section>","protected":false},"excerpt":{"rendered":"<p>Veebipoe Crafts.ee (edaspidi Veebipood) omanik on Koduk\u00e4sit\u00f6\u00f6 O\u00dc (registrikood 10117453), asukohaga Pikk 22, Tallinn, Eesti. M\u00dc\u00dcGITINGIMUSED JA TARNEINFO M\u00fc\u00fcgilepingu kehtivus, kauba- ja hinnainfo M\u00fc\u00fcgitingimused kehtivad Veebipoest kaupade ostmisel.Veebipoes m\u00fc\u00fcdavate toodete hinnad on m\u00e4rgitud toodete juurde. Hinnale lisandub tasu kauba k\u00e4ttetoimetamise eest.Kauba k\u00e4ttetoimetamise tasu s\u00f5ltub ostja asukohast ning k\u00e4ttetoimetamise viisist.K\u00e4ttetoimetamise tasu kuvatakse ostjale tellimuse vormistamisel.Teave kauba [&hellip;]<\/p>\n","protected":false},"author":3,"featured_media":0,"parent":0,"menu_order":0,"comment_status":"closed","ping_status":"closed","template":"","meta":{"_acf_changed":false,"_breakdance_hide_in_design_set":false,"_breakdance_tags":"","footnotes":""},"class_list":["post-20","page","type-page","status-publish","hentry"],"acf":[],"_links":{"self":[{"href":"https:\/\/crafts.ee\/en\/wp-json\/wp\/v2\/pages\/20","targetHints":{"allow":["GET"]}}],"collection":[{"href":"https:\/\/crafts.ee\/en\/wp-json\/wp\/v2\/pages"}],"about":[{"href":"https:\/\/crafts.ee\/en\/wp-json\/wp\/v2\/types\/page"}],"author":[{"embeddable":true,"href":"https:\/\/crafts.ee\/en\/wp-json\/wp\/v2\/users\/3"}],"replies":[{"embeddable":true,"href":"https:\/\/crafts.ee\/en\/wp-json\/wp\/v2\/comments?post=20"}],"version-history":[{"count":4,"href":"https:\/\/crafts.ee\/en\/wp-json\/wp\/v2\/pages\/20\/revisions"}],"predecessor-version":[{"id":2966,"href":"https:\/\/crafts.ee\/en\/wp-json\/wp\/v2\/pages\/20\/revisions\/2966"}],"wp:attachment":[{"href":"https:\/\/crafts.ee\/en\/wp-json\/wp\/v2\/media?parent=20"}],"curies":[{"name":"wp","href":"https:\/\/api.w.org\/{rel}","templated":true}]}}